{"id":15,"date":"2022-09-28T19:11:48","date_gmt":"1999-01-01T00:00:00","guid":{"rendered":"https:\/\/parts.roan24.eu\/?page_id=15"},"modified":"2022-10-25T07:53:30","modified_gmt":"2022-10-25T07:53:30","slug":"returns","status":"publish","type":"page","link":"https:\/\/parts.bacpolska.pl\/pl\/returns\/","title":{"rendered":"Zwroty"},"content":{"rendered":"<div data-elementor-type=\"wp-page\" data-elementor-id=\"15\" class=\"elementor elementor-15\" data-elementor-post-type=\"page\">\n\t\t\t\t\t\t<section class=\"elementor-section elementor-top-section elementor-element elementor-element-fdd7f14 elementor-section-stretched elementor-section-boxed elementor-section-height-default elementor-section-height-default\" data-id=\"fdd7f14\" data-element_type=\"section\" data-e-type=\"section\" data-settings=\"{&quot;stretch_section&quot;:&quot;section-stretched&quot;}\">\n\t\t\t\t\t\t<div class=\"elementor-container elementor-column-gap-default\">\n\t\t\t\t\t<div class=\"elementor-column elementor-col-100 elementor-top-column elementor-element elementor-element-fdfb98b\" data-id=\"fdfb98b\" data-element_type=\"column\" data-e-type=\"column\">\n\t\t\t<div class=\"elementor-widget-wrap elementor-element-populated\">\n\t\t\t\t\t\t<div class=\"elementor-element elementor-element-367b525 elementor-widget elementor-widget-text-editor\" data-id=\"367b525\" data-element_type=\"widget\" data-e-type=\"widget\" data-widget_type=\"text-editor.default\">\n\t\t\t\t<div class=\"elementor-widget-container\">\n\t\t\t\t\t\t\t\t\t<p>Zam\u00f3wienie mo\u017cna zwr\u00f3ci\u0107 do sklepu internetowego Parts Spare BAC Polska w ci\u0105gu 30 dni od daty zakupu, zgodnie z poni\u017csz\u0105 Polityk\u0105 zwrot\u00f3w. Je\u015bli min\u0119\u0142o 30 dni od zakupu, nie mo\u017cemy zaoferowa\u0107 pe\u0142nego zwrotu lub wymiany.<\/p>\n<p>Aby kwalifikowa\u0107 si\u0119 do zwrotu, przedmiot musi by\u0107 nieu\u017cywany i w takim samym stanie, w jakim zosta\u0142 otrzymany. Musi r\u00f3wnie\u017c znajdowa\u0107 si\u0119 w oryginalnym opakowaniu.<\/p>\n<p>Aby zrealizowa\u0107 zwrot, wymagamy do\u0142\u0105czenia kopii faktury lub dowodu zakupu do zwrotu, aby zapewni\u0107 prawid\u0142owe zaksi\u0119gowanie zwrotu w odpowiednim czasie.<\/p>\n<p>Nie odsy\u0142aj zakupionego produktu do producenta.<\/p>\t\t\t\t\t\t\t\t<\/div>\n\t\t\t\t<\/div>\n\t\t\t\t<div class=\"elementor-element elementor-element-8527a30 elementor-widget elementor-widget-tbay-heading\" data-id=\"8527a30\" data-element_type=\"widget\" data-e-type=\"widget\" data-widget_type=\"tbay-heading.default\">\n\t\t\t\t<div class=\"elementor-widget-container\">\n\t\t\t\t\t<div class=\"tbay-element tbay-element-heading\">\r\n\t\t\t\t<h2 class=\"heading-tbay-title elementor-heading-title\">\r\n\t\t\t\t\t\t\t\t\t<span class=\"title\">Wymiany<\/span>\r\n\t\t\t\t\t    \t\r\n\t\t\t\t\t\t\t<\/h2>\r\n\t\t<\/div>\t\t\t\t<\/div>\n\t\t\t\t<\/div>\n\t\t\t\t<div class=\"elementor-element elementor-element-5a9323d elementor-widget elementor-widget-text-editor\" data-id=\"5a9323d\" data-element_type=\"widget\" data-e-type=\"widget\" data-widget_type=\"text-editor.default\">\n\t\t\t\t<div class=\"elementor-widget-container\">\n\t\t\t\t\t\t\t\t\t<p>Wymieniamy produkty tylko wtedy, gdy s\u0105 wadliwe lub uszkodzone. Je\u015bli chcesz wymieni\u0107 przedmiot na taki sam, wy\u015blij nam wiadomo\u015b\u0107 e-mail na adres\u00a0<a href=\"mailto:parts@bacpolska.pl\">parts@bacpolska.pl<\/a> i wy\u015blij sw\u00f3j przedmiot na adres: ul. Pogodna 1; 55-080 Nowa Wie\u015b Wroc\u0142awska; Polska.<\/p>\t\t\t\t\t\t\t\t<\/div>\n\t\t\t\t<\/div>\n\t\t\t\t<div class=\"elementor-element elementor-element-2d80bbe elementor-widget elementor-widget-tbay-heading\" data-id=\"2d80bbe\" data-element_type=\"widget\" data-e-type=\"widget\" data-widget_type=\"tbay-heading.default\">\n\t\t\t\t<div class=\"elementor-widget-container\">\n\t\t\t\t\t<div class=\"tbay-element tbay-element-heading\">\r\n\t\t\t\t<h2 class=\"heading-tbay-title elementor-heading-title\">\r\n\t\t\t\t\t\t\t\t\t<span class=\"title\">Zwroty wysy\u0142kowe<\/span>\r\n\t\t\t\t\t    \t\r\n\t\t\t\t\t\t\t<\/h2>\r\n\t\t<\/div>\t\t\t\t<\/div>\n\t\t\t\t<\/div>\n\t\t\t\t<div class=\"elementor-element elementor-element-4465866 elementor-widget elementor-widget-text-editor\" data-id=\"4465866\" data-element_type=\"widget\" data-e-type=\"widget\" data-widget_type=\"text-editor.default\">\n\t\t\t\t<div class=\"elementor-widget-container\">\n\t\t\t\t\t\t\t\t\t<p>Aby zwr\u00f3ci\u0107 produkt, nale\u017cy wys\u0142a\u0107 go na adres: ul. Pogodna 1; 55-080 Nowa Wie\u015b Wroc\u0142awska; Polska.<\/p>\n<p>U\u017cytkownik ponosi odpowiedzialno\u015b\u0107 za pokrycie koszt\u00f3w wysy\u0142ki zwi\u0105zanych ze zwrotem przedmiotu. Koszty wysy\u0142ki nie podlegaj\u0105 zwrotowi. W przypadku otrzymania zwrotu koszt\u00f3w, koszt wysy\u0142ki zwrotnej zostanie odliczony od kwoty zwrotu.<\/p>\n<p>W zale\u017cno\u015bci od miejsca zamieszkania, czas potrzebny na dotarcie wymienionego produktu mo\u017ce si\u0119 r\u00f3\u017cni\u0107.<\/p>\n<p>W przypadku zwrotu dro\u017cszych przedmiot\u00f3w mo\u017cna rozwa\u017cy\u0107 skorzystanie z us\u0142ugi \u015bledzenia przesy\u0142ki lub wykupienie ubezpieczenia przesy\u0142ki. Nie gwarantujemy, \u017ce otrzymamy zwr\u00f3cony przedmiot.<\/p>\t\t\t\t\t\t\t\t<\/div>\n\t\t\t\t<\/div>\n\t\t\t\t<div class=\"elementor-element elementor-element-0cb110c elementor-widget elementor-widget-tbay-heading\" data-id=\"0cb110c\" data-element_type=\"widget\" data-e-type=\"widget\" data-widget_type=\"tbay-heading.default\">\n\t\t\t\t<div class=\"elementor-widget-container\">\n\t\t\t\t\t<div class=\"tbay-element tbay-element-heading\">\r\n\t\t\t\t<h2 class=\"heading-tbay-title elementor-heading-title\">\r\n\t\t\t\t\t\t\t\t\t<span class=\"title\">Potrzebujesz pomocy?<\/span>\r\n\t\t\t\t\t    \t\r\n\t\t\t\t\t\t\t<\/h2>\r\n\t\t<\/div>\t\t\t\t<\/div>\n\t\t\t\t<\/div>\n\t\t\t\t<div class=\"elementor-element elementor-element-bcc0dde elementor-widget elementor-widget-text-editor\" data-id=\"bcc0dde\" data-element_type=\"widget\" data-e-type=\"widget\" data-widget_type=\"text-editor.default\">\n\t\t\t\t<div class=\"elementor-widget-container\">\n\t\t\t\t\t\t\t\t\t<p>W przypadku jakichkolwiek pyta\u0144 lub w\u0105tpliwo\u015bci zwi\u0105zanych ze zwrotami prosimy o kontakt pod adresem:\u00a0<a href=\"mailto:parts@bacpolska.pl\">parts@bacpolska.pl<\/a>\u00a0lub zadzwo\u0144 do nas.<\/p>\t\t\t\t\t\t\t\t<\/div>\n\t\t\t\t<\/div>\n\t\t\t\t\t<\/div>\n\t\t<\/div>\n\t\t\t\t\t<\/div>\n\t\t<\/section>\n\t\t\t\t<\/div>","protected":false},"excerpt":{"rendered":"<p>You may return your order to Parts Spare BAC Polska Online Store within 30 days of purchase, as per the Returns Policy below. If 30 days have passed since your purchase, we can\u2019t offer you a full refund or exchange. To be eligible for a return, your item must be unused and in the same &hellip; <a href=\"https:\/\/parts.bacpolska.pl\/pl\/returns\/\" class=\"more-link\">Continue reading <span class=\"screen-reader-text\">Zwroty<\/span><\/a><\/p>","protected":false},"author":5,"featured_media":0,"parent":0,"menu_order":0,"comment_status":"closed","ping_status":"closed","template":"","meta":{"_seopress_robots_primary_cat":"","_seopress_titles_title":"Returns Policy - Product Returns & Refunds | BAC Poland","_seopress_titles_desc":"Returns and refund policy for aerial work platform parts. Easy return process and customer-friendly refund procedures.","_seopress_robots_index":"","footnotes":""},"class_list":["post-15","page","type-page","status-publish"],"_links":{"self":[{"href":"https:\/\/parts.bacpolska.pl\/pl\/wp-json\/wp\/v2\/pages\/15","targetHints":{"allow":["GET"]}}],"collection":[{"href":"https:\/\/parts.bacpolska.pl\/pl\/wp-json\/wp\/v2\/pages"}],"about":[{"href":"https:\/\/parts.bacpolska.pl\/pl\/wp-json\/wp\/v2\/types\/page"}],"author":[{"embeddable":true,"href":"https:\/\/parts.bacpolska.pl\/pl\/wp-json\/wp\/v2\/users\/5"}],"replies":[{"embeddable":true,"href":"https:\/\/parts.bacpolska.pl\/pl\/wp-json\/wp\/v2\/comments?post=15"}],"version-history":[{"count":0,"href":"https:\/\/parts.bacpolska.pl\/pl\/wp-json\/wp\/v2\/pages\/15\/revisions"}],"wp:attachment":[{"href":"https:\/\/parts.bacpolska.pl\/pl\/wp-json\/wp\/v2\/media?parent=15"}],"curies":[{"name":"wp","href":"https:\/\/api.w.org\/{rel}","templated":true}]}}