{"id":6,"date":"2022-09-28T19:03:38","date_gmt":"2022-09-28T19:03:38","guid":{"rendered":"http:\/\/parts.roan24.eu\/?page_id=3"},"modified":"2022-10-25T08:14:11","modified_gmt":"2022-10-25T08:14:11","slug":"shipping","status":"publish","type":"page","link":"https:\/\/parts.bacpolska.pl\/pl\/shipping\/","title":{"rendered":"Wysy\u0142ka"},"content":{"rendered":"<div data-elementor-type=\"wp-page\" data-elementor-id=\"6\" class=\"elementor elementor-6\" data-elementor-post-type=\"page\">\n\t\t\t\t\t\t<section class=\"elementor-section elementor-top-section elementor-element elementor-element-fd0e05d elementor-section-stretched elementor-section-boxed elementor-section-height-default elementor-section-height-default\" data-id=\"fd0e05d\" data-element_type=\"section\" data-e-type=\"section\" data-settings=\"{&quot;stretch_section&quot;:&quot;section-stretched&quot;}\">\n\t\t\t\t\t\t<div class=\"elementor-container elementor-column-gap-default\">\n\t\t\t\t\t<div class=\"elementor-column elementor-col-100 elementor-top-column elementor-element elementor-element-da3d93e\" data-id=\"da3d93e\" data-element_type=\"column\" data-e-type=\"column\">\n\t\t\t<div class=\"elementor-widget-wrap elementor-element-populated\">\n\t\t\t\t\t\t<div class=\"elementor-element elementor-element-091fe7b elementor-widget elementor-widget-text-editor\" data-id=\"091fe7b\" data-element_type=\"widget\" data-e-type=\"widget\" data-widget_type=\"text-editor.default\">\n\t\t\t\t<div class=\"elementor-widget-container\">\n\t\t\t\t\t\t\t\t\t<p>Cz\u0119\u015bci zakupione w naszym sklepie internetowym Parts Spare BAC Polska wysy\u0142amy kurierem TNT.<\/p>\n<p>Wysy\u0142amy tylko na terenie Wielkiej Brytanii, Stan\u00f3w Zjednoczonych, Polski i Niemiec.<\/p>\n<p>Nale\u017cy pami\u0119ta\u0107, \u017ce ze wzgl\u0119du na ochron\u0119 naszych klient\u00f3w i posiadaczy kart, obecnie nie ma mo\u017cliwo\u015bci zmiany adresu wysy\u0142ki. Nie ma r\u00f3wnie\u017c mo\u017cliwo\u015bci zmiany lub anulowania zam\u00f3wienia po jego z\u0142o\u017ceniu.<\/p>\t\t\t\t\t\t\t\t<\/div>\n\t\t\t\t<\/div>\n\t\t\t\t\t<\/div>\n\t\t<\/div>\n\t\t\t\t\t<\/div>\n\t\t<\/section>\n\t\t\t\t<\/div>","protected":false},"excerpt":{"rendered":"<p>Parts purchased from our online store Parts Spare BAC Polska are sent by TNT courier. We ship only within the United Kingdom, United States, Poland and Germany. Please note that for the protection of our customers and cardholders, it is currently not possible to change the shipping address. It is also not possible to change &hellip; <a href=\"https:\/\/parts.bacpolska.pl\/pl\/shipping\/\" class=\"more-link\">Continue reading <span class=\"screen-reader-text\">Wysy\u0142ka<\/span><\/a><\/p>","protected":false},"author":5,"featured_media":0,"parent":0,"menu_order":0,"comment_status":"closed","ping_status":"open","template":"","meta":{"_seopress_robots_primary_cat":"","_seopress_titles_title":"Shipping Information - Delivery Details | BAC Poland","_seopress_titles_desc":"Shipping and delivery information for aerial work platform parts. Fast and reliable shipping options for all AWP components and spare parts.","_seopress_robots_index":"","footnotes":""},"class_list":["post-6","page","type-page","status-publish"],"_links":{"self":[{"href":"https:\/\/parts.bacpolska.pl\/pl\/wp-json\/wp\/v2\/pages\/6","targetHints":{"allow":["GET"]}}],"collection":[{"href":"https:\/\/parts.bacpolska.pl\/pl\/wp-json\/wp\/v2\/pages"}],"about":[{"href":"https:\/\/parts.bacpolska.pl\/pl\/wp-json\/wp\/v2\/types\/page"}],"author":[{"embeddable":true,"href":"https:\/\/parts.bacpolska.pl\/pl\/wp-json\/wp\/v2\/users\/5"}],"replies":[{"embeddable":true,"href":"https:\/\/parts.bacpolska.pl\/pl\/wp-json\/wp\/v2\/comments?post=6"}],"version-history":[{"count":0,"href":"https:\/\/parts.bacpolska.pl\/pl\/wp-json\/wp\/v2\/pages\/6\/revisions"}],"wp:attachment":[{"href":"https:\/\/parts.bacpolska.pl\/pl\/wp-json\/wp\/v2\/media?parent=6"}],"curies":[{"name":"wp","href":"https:\/\/api.w.org\/{rel}","templated":true}]}}