{"id":6435,"date":"2022-10-10T08:51:14","date_gmt":"2022-10-10T08:51:14","guid":{"rendered":"https:\/\/parts.roan24.eu\/?page_id=6435"},"modified":"2022-10-25T09:03:56","modified_gmt":"2022-10-25T09:03:56","slug":"transport","status":"publish","type":"page","link":"https:\/\/parts.bacpolska.pl\/pl\/transport\/","title":{"rendered":"Transport"},"content":{"rendered":"<div data-elementor-type=\"wp-page\" data-elementor-id=\"6435\" class=\"elementor elementor-6435\" data-elementor-post-type=\"page\">\n\t\t\t\t\t\t<section class=\"elementor-section elementor-top-section elementor-element elementor-element-e9f1a77 elementor-section-boxed elementor-section-height-default elementor-section-height-default\" data-id=\"e9f1a77\" data-element_type=\"section\" data-e-type=\"section\">\n\t\t\t\t\t\t<div class=\"elementor-container elementor-column-gap-default\">\n\t\t\t\t\t<div class=\"elementor-column elementor-col-100 elementor-top-column elementor-element elementor-element-76c5047\" data-id=\"76c5047\" data-element_type=\"column\" data-e-type=\"column\">\n\t\t\t<div class=\"elementor-widget-wrap elementor-element-populated\">\n\t\t\t\t\t\t<div class=\"elementor-element elementor-element-28e15cd elementor-widget elementor-widget-text-editor\" data-id=\"28e15cd\" data-element_type=\"widget\" data-e-type=\"widget\" data-widget_type=\"text-editor.default\">\n\t\t\t\t<div class=\"elementor-widget-container\">\n\t\t\t\t\t\t\t\t\t<p>Produkty zakupione w naszym sklepie internetowym s\u0105 dostarczane do odbiorcy bardzo szybko. Obowi\u0105zkiem sprzedawcy jest zapewnienie, \u017ce produkt zostanie dostarczony do klienta ko\u0144cowego w bardzo dobrym stanie, bez widocznych uszkodze\u0144.<\/p><p>BAC Polska wysy\u0142a zakupione cz\u0119\u015bci za po\u015brednictwem kuriera TNT. Produkty wysy\u0142ane s\u0105 na terenie ca\u0142ej Polski, Wielkiej Brytanii, Stan\u00f3w Zjednoczonych i Niemiec.<\/p><p>Kupuj\u0105cy pokrywa koszt zakupionego przedmiotu i wysy\u0142ki. Koszt przesy\u0142ki kurierskiej zale\u017cy od miejsca docelowego i czasu wysy\u0142ki. Transport odbywa si\u0119 drog\u0105 l\u0105dow\u0105 lub lotnicz\u0105.<\/p><p>Wysy\u0142ka zakupionych cz\u0119\u015bci odbywa si\u0119 z terytorium Polski.<\/p>\t\t\t\t\t\t\t\t<\/div>\n\t\t\t\t<\/div>\n\t\t\t\t\t<\/div>\n\t\t<\/div>\n\t\t\t\t\t<\/div>\n\t\t<\/section>\n\t\t\t\t<\/div>","protected":false},"excerpt":{"rendered":"<p>Products purchased in our online store are delivered to the recipient very quickly. It is the seller&#8217;s responsibility to ensure that the product is delivered to the end customer in very good condition, without visible damage. BAC Polska ships purchased parts via TNT courier. Products are shipped throughout Poland, Great Britain, the United States and &hellip; <a href=\"https:\/\/parts.bacpolska.pl\/pl\/transport\/\" class=\"more-link\">Continue reading <span class=\"screen-reader-text\">Transport<\/span><\/a><\/p>","protected":false},"author":5,"featured_media":0,"parent":0,"menu_order":0,"comment_status":"closed","ping_status":"closed","template":"","meta":{"_seopress_robots_primary_cat":"","_seopress_titles_title":"Transport & Logistics - Parts Delivery Service | BAC Poland","_seopress_titles_desc":"Professional transport and logistics for aerial work platform parts. Reliable delivery service across Europe for AWP components.","_seopress_robots_index":"","footnotes":""},"class_list":["post-6435","page","type-page","status-publish"],"_links":{"self":[{"href":"https:\/\/parts.bacpolska.pl\/pl\/wp-json\/wp\/v2\/pages\/6435","targetHints":{"allow":["GET"]}}],"collection":[{"href":"https:\/\/parts.bacpolska.pl\/pl\/wp-json\/wp\/v2\/pages"}],"about":[{"href":"https:\/\/parts.bacpolska.pl\/pl\/wp-json\/wp\/v2\/types\/page"}],"author":[{"embeddable":true,"href":"https:\/\/parts.bacpolska.pl\/pl\/wp-json\/wp\/v2\/users\/5"}],"replies":[{"embeddable":true,"href":"https:\/\/parts.bacpolska.pl\/pl\/wp-json\/wp\/v2\/comments?post=6435"}],"version-history":[{"count":0,"href":"https:\/\/parts.bacpolska.pl\/pl\/wp-json\/wp\/v2\/pages\/6435\/revisions"}],"wp:attachment":[{"href":"https:\/\/parts.bacpolska.pl\/pl\/wp-json\/wp\/v2\/media?parent=6435"}],"curies":[{"name":"wp","href":"https:\/\/api.w.org\/{rel}","templated":true}]}}