{"id":6460,"date":"2022-10-10T09:14:03","date_gmt":"2022-10-10T09:14:03","guid":{"rendered":"https:\/\/parts.roan24.eu\/?page_id=6460"},"modified":"2023-03-30T07:12:35","modified_gmt":"2023-03-30T07:12:35","slug":"service","status":"publish","type":"page","link":"https:\/\/parts.bacpolska.pl\/pl\/service\/","title":{"rendered":"Serwis"},"content":{"rendered":"<div data-elementor-type=\"wp-page\" data-elementor-id=\"6460\" class=\"elementor elementor-6460\" data-elementor-post-type=\"page\">\n\t\t\t\t\t\t<section class=\"elementor-section elementor-top-section elementor-element elementor-element-9488212 elementor-section-stretched elementor-section-boxed elementor-section-height-default elementor-section-height-default\" data-id=\"9488212\" data-element_type=\"section\" data-e-type=\"section\" data-settings=\"{&quot;stretch_section&quot;:&quot;section-stretched&quot;}\">\n\t\t\t\t\t\t<div class=\"elementor-container elementor-column-gap-default\">\n\t\t\t\t\t<div class=\"elementor-column elementor-col-100 elementor-top-column elementor-element elementor-element-5313f03\" data-id=\"5313f03\" data-element_type=\"column\" data-e-type=\"column\">\n\t\t\t<div class=\"elementor-widget-wrap elementor-element-populated\">\n\t\t\t\t\t\t<div class=\"elementor-element elementor-element-e0f442b elementor-widget elementor-widget-text-editor\" data-id=\"e0f442b\" data-element_type=\"widget\" data-e-type=\"widget\" data-widget_type=\"text-editor.default\">\n\t\t\t\t<div class=\"elementor-widget-container\">\n\t\t\t\t\t\t\t\t\t<div class=\"QmZWSe\"><div class=\"DHcWmd\">\u00a0<\/div><\/div><div class=\"oSioSc\"><div id=\"tw-target\"><div id=\"kAz1tf\" class=\"g9WsWb\"><div id=\"tw-target-text-container\" class=\"tw-ta-container F0azHf tw-nfl\" tabindex=\"0\"><p id=\"tw-target-text\" class=\"tw-data-text tw-text-large tw-ta\" dir=\"ltr\" data-placeholder=\"Translation\"><span class=\"Y2IQFc\" lang=\"en\">BAC Polska jest oficjalnym dealerem maszyn Zoomlion. Zajmujemy si\u0119 sprzeda\u017c\u0105, wynajmem i serwisem tych maszyn. Posiadamy wykwalifikowany i przeszkolony zesp\u00f3\u0142 technik\u00f3w serwisowych. Nasze samochody serwisowe wyposa\u017cone s\u0105 we wszystkie niezb\u0119dne narz\u0119dzia i cz\u0119\u015bci zamienne. Wysoki poziom wiedzy technik\u00f3w serwisowych w po\u0142\u0105czeniu z niezb\u0119dnymi profesjonalnymi narz\u0119dziami pozwala nam dzia\u0142a\u0107 szybko i skutecznie w przypadku awarii maszyny. Nasi mobilni serwisanci s\u0105 w stanie dotrze\u0107 do miejsca awarii i natychmiast usun\u0105\u0107 usterk\u0119.<\/span><\/p><\/div><\/div><\/div><\/div><div id=\"tw-target-text-container\" class=\"tw-ta-container F0azHf tw-nfl\" tabindex=\"0\"><p id=\"tw-target-text\" class=\"tw-data-text tw-text-large tw-ta\" dir=\"ltr\" data-placeholder=\"Translation\"><span class=\"Y2IQFc\" lang=\"en\">Oddzia\u0142y BAC Polska znajduj\u0105 si\u0119 w ca\u0142ej Polsce. Mo\u017cna nas znale\u017a\u0107 w <span style=\"text-decoration: underline;\">Kostrzyn nad Odr\u0105, Wroc\u0142aw, D\u0105browa G\u00f3rnicza i Piotrk\u00f3w Trybunalski.<\/span><\/span><\/p><\/div>\t\t\t\t\t\t\t\t<\/div>\n\t\t\t\t<\/div>\n\t\t\t\t\t<\/div>\n\t\t<\/div>\n\t\t\t\t\t<\/div>\n\t\t<\/section>\n\t\t\t\t<\/div>","protected":false},"excerpt":{"rendered":"<p>\u00a0 BAC Poland is the official dealer of Zoomlion machines. We sell, rent and service these machines. We have a qualified and trained team of service technicians. Our service vans are equipped with all necessary tools and spare parts. The high level of knowledge of service technicians combined with the necessary professional tools allows us &hellip; <a href=\"https:\/\/parts.bacpolska.pl\/pl\/service\/\" class=\"more-link\">Continue reading <span class=\"screen-reader-text\">Serwis<\/span><\/a><\/p>","protected":false},"author":5,"featured_media":0,"parent":0,"menu_order":0,"comment_status":"closed","ping_status":"closed","template":"","meta":{"_seopress_robots_primary_cat":"","_seopress_titles_title":"Service & Technical Support - AWP Maintenance | BAC Poland","_seopress_titles_desc":"Professional service and technical support for aerial work platforms. Expert maintenance, repairs and parts installation assistance.","_seopress_robots_index":"","footnotes":""},"class_list":["post-6460","page","type-page","status-publish"],"_links":{"self":[{"href":"https:\/\/parts.bacpolska.pl\/pl\/wp-json\/wp\/v2\/pages\/6460","targetHints":{"allow":["GET"]}}],"collection":[{"href":"https:\/\/parts.bacpolska.pl\/pl\/wp-json\/wp\/v2\/pages"}],"about":[{"href":"https:\/\/parts.bacpolska.pl\/pl\/wp-json\/wp\/v2\/types\/page"}],"author":[{"embeddable":true,"href":"https:\/\/parts.bacpolska.pl\/pl\/wp-json\/wp\/v2\/users\/5"}],"replies":[{"embeddable":true,"href":"https:\/\/parts.bacpolska.pl\/pl\/wp-json\/wp\/v2\/comments?post=6460"}],"version-history":[{"count":0,"href":"https:\/\/parts.bacpolska.pl\/pl\/wp-json\/wp\/v2\/pages\/6460\/revisions"}],"wp:attachment":[{"href":"https:\/\/parts.bacpolska.pl\/pl\/wp-json\/wp\/v2\/media?parent=6460"}],"curies":[{"name":"wp","href":"https:\/\/api.w.org\/{rel}","templated":true}]}}