{"id":7163,"date":"2022-10-21T12:56:29","date_gmt":"2022-10-21T12:56:29","guid":{"rendered":"https:\/\/parts02.roan24.eu\/?page_id=7163"},"modified":"2026-03-13T17:24:17","modified_gmt":"2026-03-13T16:24:17","slug":"blog","status":"publish","type":"page","link":"https:\/\/parts.bacpolska.pl\/pl\/blog\/","title":{"rendered":"Blog"},"content":{"rendered":"<div data-elementor-type=\"wp-page\" data-elementor-id=\"7163\" class=\"elementor elementor-7163\" data-elementor-post-type=\"page\">\n\t\t\t\t\t\t<section class=\"elementor-section elementor-top-section elementor-element elementor-element-6ac979d elementor-section-content-top elementor-reverse-mobile elementor-section-boxed elementor-section-height-default elementor-section-height-default\" data-id=\"6ac979d\" data-element_type=\"section\" data-e-type=\"section\">\n\t\t\t\t\t\t<div class=\"elementor-container elementor-column-gap-no\">\n\t\t\t\t\t<div class=\"elementor-column elementor-col-33 elementor-top-column elementor-element elementor-element-303a6cc\" data-id=\"303a6cc\" data-element_type=\"column\" data-e-type=\"column\" data-settings=\"{&quot;background_background&quot;:&quot;classic&quot;}\">\n\t\t\t<div class=\"elementor-widget-wrap elementor-element-populated\">\n\t\t\t\t\t\t<div class=\"elementor-element elementor-element-1b24b48 elementor-widget elementor-widget-sidebar\" data-id=\"1b24b48\" data-element_type=\"widget\" data-e-type=\"widget\" data-widget_type=\"sidebar.default\">\n\t\t\t\t<div class=\"elementor-widget-container\">\n\t\t\t\t\t<aside id=\"search-2\" class=\"widget widget_search\"><div class=\"search-form\">\r\n\t<form action=\"https:\/\/parts.bacpolska.pl\/pl\/\" method=\"get\" data-trp-original-action=\"https:\/\/parts.bacpolska.pl\/pl\/\">\r\n\t\t<div class=\"input-group\">\r\n\t\t\t<input type=\"text\" placeholder=\"Search...\" name=\"s\" class=\"form-control\"\/>\r\n\t\t\t\t<span class=\"input-group-btn\">\r\n\t\t\t\t\t<button type=\"submit\" class=\"btn\">\r\n\t\t\t\t\t\t<i class=\"icon-magnifier\"><\/i>\r\n\t\t\t\t\t<\/button>\r\n\t\t\t\t<\/span>\r\n\t\t<\/div>\r\n\t<input type=\"hidden\" name=\"trp-form-language\" value=\"pl\"\/><\/form>\r\n<\/div><\/aside><aside id=\"categories-4\" class=\"widget widget_categories\"><h2 class=\"widget-title\">Kategorie<\/h2>\n\t\t\t<ul>\n\t\t\t\t\t<li class=\"cat-item cat-item-16\"><a href=\"https:\/\/parts.bacpolska.pl\/pl\/category\/blog\/\">Blog<\/a>\n<\/li>\n\t\t\t<\/ul>\n\n\t\t\t<\/aside>\t\t\t\t<\/div>\n\t\t\t\t<\/div>\n\t\t\t\t<div class=\"elementor-element elementor-element-58179ae elementor-widget elementor-widget-spacer\" data-id=\"58179ae\" data-element_type=\"widget\" data-e-type=\"widget\" data-widget_type=\"spacer.default\">\n\t\t\t\t<div class=\"elementor-widget-container\">\n\t\t\t\t\t\t\t<div class=\"elementor-spacer\">\n\t\t\t<div class=\"elementor-spacer-inner\"><\/div>\n\t\t<\/div>\n\t\t\t\t\t\t<\/div>\n\t\t\t\t<\/div>\n\t\t\t\t<div class=\"elementor-element elementor-element-b8cb1df elementor-share-buttons--view-icon elementor-grid-tablet-3 elementor-grid-mobile-5 elementor-share-buttons--skin-gradient elementor-share-buttons--shape-square elementor-grid-0 elementor-share-buttons--color-official elementor-widget elementor-widget-share-buttons\" data-id=\"b8cb1df\" data-element_type=\"widget\" data-e-type=\"widget\" data-widget_type=\"share-buttons.default\">\n\t\t\t\t<div class=\"elementor-widget-container\">\n\t\t\t\t\t\t\t<div class=\"elementor-grid\" role=\"list\">\n\t\t\t\t\t\t\t\t<div class=\"elementor-grid-item\" role=\"listitem\">\n\t\t\t\t\t\t<div class=\"elementor-share-btn elementor-share-btn_facebook\" role=\"button\" tabindex=\"0\" aria-label=\"Share on facebook\">\n\t\t\t\t\t\t\t\t\t\t\t\t\t\t\t<span class=\"elementor-share-btn__icon\">\n\t\t\t\t\t\t\t\t<svg aria-hidden=\"true\" class=\"e-font-icon-svg e-fab-facebook\" viewbox=\"0 0 512 512\" xmlns=\"http:\/\/www.w3.org\/2000\/svg\"><path d=\"M504 256C504 119 393 8 256 8S8 119 8 256c0 123.78 90.69 226.38 209.25 245V327.69h-63V256h63v-54.64c0-62.15 37-96.48 93.67-96.48 27.14 0 55.52 4.84 55.52 4.84v61h-31.28c-30.8 0-40.41 19.12-40.41 38.73V256h68.78l-11 71.69h-57.78V501C413.31 482.38 504 379.78 504 256z\"><\/path><\/svg>\t\t\t\t\t\t\t<\/span>\n\t\t\t\t\t\t\t\t\t\t\t\t\t\t\t\t\t\t\t\t<\/div>\n\t\t\t\t\t<\/div>\n\t\t\t\t\t\t\t\t\t<div class=\"elementor-grid-item\" role=\"listitem\">\n\t\t\t\t\t\t<div class=\"elementor-share-btn elementor-share-btn_twitter\" role=\"button\" tabindex=\"0\" aria-label=\"Share on twitter\">\n\t\t\t\t\t\t\t\t\t\t\t\t\t\t\t<span class=\"elementor-share-btn__icon\">\n\t\t\t\t\t\t\t\t<svg aria-hidden=\"true\" class=\"e-font-icon-svg e-fab-twitter\" viewbox=\"0 0 512 512\" xmlns=\"http:\/\/www.w3.org\/2000\/svg\"><path d=\"M459.37 151.716c.325 4.548.325 9.097.325 13.645 0 138.72-105.583 298.558-298.558 298.558-59.452 0-114.68-17.219-161.137-47.106 8.447.974 16.568 1.299 25.34 1.299 49.055 0 94.213-16.568 130.274-44.832-46.132-.975-84.792-31.188-98.112-72.772 6.498.974 12.995 1.624 19.818 1.624 9.421 0 18.843-1.3 27.614-3.573-48.081-9.747-84.143-51.98-84.143-102.985v-1.299c13.969 7.797 30.214 12.67 47.431 13.319-28.264-18.843-46.781-51.005-46.781-87.391 0-19.492 5.197-37.36 14.294-52.954 51.655 63.675 129.3 105.258 216.365 109.807-1.624-7.797-2.599-15.918-2.599-24.04 0-57.828 46.782-104.934 104.934-104.934 30.213 0 57.502 12.67 76.67 33.137 23.715-4.548 46.456-13.32 66.599-25.34-7.798 24.366-24.366 44.833-46.132 57.827 21.117-2.273 41.584-8.122 60.426-16.243-14.292 20.791-32.161 39.308-52.628 54.253z\"><\/path><\/svg>\t\t\t\t\t\t\t<\/span>\n\t\t\t\t\t\t\t\t\t\t\t\t\t\t\t\t\t\t\t\t<\/div>\n\t\t\t\t\t<\/div>\n\t\t\t\t\t\t\t\t\t<div class=\"elementor-grid-item\" role=\"listitem\">\n\t\t\t\t\t\t<div class=\"elementor-share-btn elementor-share-btn_linkedin\" role=\"button\" tabindex=\"0\" aria-label=\"Share on linkedin\">\n\t\t\t\t\t\t\t\t\t\t\t\t\t\t\t<span class=\"elementor-share-btn__icon\">\n\t\t\t\t\t\t\t\t<svg aria-hidden=\"true\" class=\"e-font-icon-svg e-fab-linkedin\" viewbox=\"0 0 448 512\" xmlns=\"http:\/\/www.w3.org\/2000\/svg\"><path d=\"M416 32H31.9C14.3 32 0 46.5 0 64.3v383.4C0 465.5 14.3 480 31.9 480H416c17.6 0 32-14.5 32-32.3V64.3c0-17.8-14.4-32.3-32-32.3zM135.4 416H69V202.2h66.5V416zm-33.2-243c-21.3 0-38.5-17.3-38.5-38.5S80.9 96 102.2 96c21.2 0 38.5 17.3 38.5 38.5 0 21.3-17.2 38.5-38.5 38.5zm282.1 243h-66.4V312c0-24.8-.5-56.7-34.5-56.7-34.6 0-39.9 27-39.9 54.9V416h-66.4V202.2h63.7v29.2h.9c8.9-16.8 30.6-34.5 62.9-34.5 67.2 0 79.7 44.3 79.7 101.9V416z\"><\/path><\/svg>\t\t\t\t\t\t\t<\/span>\n\t\t\t\t\t\t\t\t\t\t\t\t\t\t\t\t\t\t\t\t<\/div>\n\t\t\t\t\t<\/div>\n\t\t\t\t\t\t\t\t\t<div class=\"elementor-grid-item\" role=\"listitem\">\n\t\t\t\t\t\t<div class=\"elementor-share-btn elementor-share-btn_whatsapp\" role=\"button\" tabindex=\"0\" aria-label=\"Share on whatsapp\">\n\t\t\t\t\t\t\t\t\t\t\t\t\t\t\t<span class=\"elementor-share-btn__icon\">\n\t\t\t\t\t\t\t\t<svg aria-hidden=\"true\" class=\"e-font-icon-svg e-fab-whatsapp\" viewbox=\"0 0 448 512\" xmlns=\"http:\/\/www.w3.org\/2000\/svg\"><path d=\"M380.9 97.1C339 55.1 283.2 32 223.9 32c-122.4 0-222 99.6-222 222 0 39.1 10.2 77.3 29.6 111L0 480l117.7-30.9c32.4 17.7 68.9 27 106.1 27h.1c122.3 0 224.1-99.6 224.1-222 0-59.3-25.2-115-67.1-157zm-157 341.6c-33.2 0-65.7-8.9-94-25.7l-6.7-4-69.8 18.3L72 359.2l-4.4-7c-18.5-29.4-28.2-63.3-28.2-98.2 0-101.7 82.8-184.5 184.6-184.5 49.3 0 95.6 19.2 130.4 54.1 34.8 34.9 56.2 81.2 56.1 130.5 0 101.8-84.9 184.6-186.6 184.6zm101.2-138.2c-5.5-2.8-32.8-16.2-37.9-18-5.1-1.9-8.8-2.8-12.5 2.8-3.7 5.6-14.3 18-17.6 21.8-3.2 3.7-6.5 4.2-12 1.4-32.6-16.3-54-29.1-75.5-66-5.7-9.8 5.7-9.1 16.3-30.3 1.8-3.7.9-6.9-.5-9.7-1.4-2.8-12.5-30.1-17.1-41.2-4.5-10.8-9.1-9.3-12.5-9.5-3.2-.2-6.9-.2-10.6-.2-3.7 0-9.7 1.4-14.8 6.9-5.1 5.6-19.4 19-19.4 46.3 0 27.3 19.9 53.7 22.6 57.4 2.8 3.7 39.1 59.7 94.8 83.8 35.2 15.2 49 16.5 66.6 13.9 10.7-1.6 32.8-13.4 37.4-26.4 4.6-13 4.6-24.1 3.2-26.4-1.3-2.5-5-3.9-10.5-6.6z\"><\/path><\/svg>\t\t\t\t\t\t\t<\/span>\n\t\t\t\t\t\t\t\t\t\t\t\t\t\t\t\t\t\t\t\t<\/div>\n\t\t\t\t\t<\/div>\n\t\t\t\t\t\t\t\t\t<div class=\"elementor-grid-item\" role=\"listitem\">\n\t\t\t\t\t\t<div class=\"elementor-share-btn elementor-share-btn_pinterest\" role=\"button\" tabindex=\"0\" aria-label=\"Share on pinterest\">\n\t\t\t\t\t\t\t\t\t\t\t\t\t\t\t<span class=\"elementor-share-btn__icon\">\n\t\t\t\t\t\t\t\t<svg aria-hidden=\"true\" class=\"e-font-icon-svg e-fab-pinterest\" viewbox=\"0 0 496 512\" xmlns=\"http:\/\/www.w3.org\/2000\/svg\"><path d=\"M496 256c0 137-111 248-248 248-25.6 0-50.2-3.9-73.4-11.1 10.1-16.5 25.2-43.5 30.8-65 3-11.6 15.4-59 15.4-59 8.1 15.4 31.7 28.5 56.8 28.5 74.8 0 128.7-68.8 128.7-154.3 0-81.9-66.9-143.2-152.9-143.2-107 0-163.9 71.8-163.9 150.1 0 36.4 19.4 81.7 50.3 96.1 4.7 2.2 7.2 1.2 8.3-3.3.8-3.4 5-20.3 6.9-28.1.6-2.5.3-4.7-1.7-7.1-10.1-12.5-18.3-35.3-18.3-56.6 0-54.7 41.4-107.6 112-107.6 60.9 0 103.6 41.5 103.6 100.9 0 67.1-33.9 113.6-78 113.6-24.3 0-42.6-20.1-36.7-44.8 7-29.5 20.5-61.3 20.5-82.6 0-19-10.2-34.9-31.4-34.9-24.9 0-44.9 25.7-44.9 60.2 0 22 7.4 36.8 7.4 36.8s-24.5 103.8-29 123.2c-5 21.4-3 51.6-.9 71.2C65.4 450.9 0 361.1 0 256 0 119 111 8 248 8s248 111 248 248z\"><\/path><\/svg>\t\t\t\t\t\t\t<\/span>\n\t\t\t\t\t\t\t\t\t\t\t\t\t\t\t\t\t\t\t\t<\/div>\n\t\t\t\t\t<\/div>\n\t\t\t\t\t\t\t\t\t<div class=\"elementor-grid-item\" role=\"listitem\">\n\t\t\t\t\t\t<div class=\"elementor-share-btn elementor-share-btn_email\" role=\"button\" tabindex=\"0\" aria-label=\"Share on email\">\n\t\t\t\t\t\t\t\t\t\t\t\t\t\t\t<span class=\"elementor-share-btn__icon\">\n\t\t\t\t\t\t\t\t<svg aria-hidden=\"true\" class=\"e-font-icon-svg e-fas-envelope\" viewbox=\"0 0 512 512\" xmlns=\"http:\/\/www.w3.org\/2000\/svg\"><path d=\"M502.3 190.8c3.9-3.1 9.7-.2 9.7 4.7V400c0 26.5-21.5 48-48 48H48c-26.5 0-48-21.5-48-48V195.6c0-5 5.7-7.8 9.7-4.7 22.4 17.4 52.1 39.5 154.1 113.6 21.1 15.4 56.7 47.8 92.2 47.6 35.7.3 72-32.8 92.3-47.6 102-74.1 131.6-96.3 154-113.7zM256 320c23.2.4 56.6-29.2 73.4-41.4 132.7-96.3 142.8-104.7 173.4-128.7 5.8-4.5 9.2-11.5 9.2-18.9v-19c0-26.5-21.5-48-48-48H48C21.5 64 0 85.5 0 112v19c0 7.4 3.4 14.3 9.2 18.9 30.6 23.9 40.7 32.4 173.4 128.7 16.8 12.2 50.2 41.8 73.4 41.4z\"><\/path><\/svg>\t\t\t\t\t\t\t<\/span>\n\t\t\t\t\t\t\t\t\t\t\t\t\t\t\t\t\t\t\t\t<\/div>\n\t\t\t\t\t<\/div>\n\t\t\t\t\t\t<\/div>\n\t\t\t\t\t\t<\/div>\n\t\t\t\t<\/div>\n\t\t\t\t\t<\/div>\n\t\t<\/div>\n\t\t\t\t<div class=\"elementor-column elementor-col-66 elementor-top-column elementor-element elementor-element-3b8bc5b\" data-id=\"3b8bc5b\" data-element_type=\"column\" data-e-type=\"column\">\n\t\t\t<div class=\"elementor-widget-wrap elementor-element-populated\">\n\t\t\t\t\t\t<div class=\"elementor-element elementor-element-7ead4c9 elementor-widget elementor-widget-tbay-posts-grid\" data-id=\"7ead4c9\" data-element_type=\"widget\" data-e-type=\"widget\" data-widget_type=\"tbay-posts-grid.default\">\n\t\t\t\t<div class=\"elementor-widget-container\">\n\t\t\t\t\t<div class=\"tbay-element tbay-element-posts-grid\">\r\n\r\n    \r\n    <div class=\"posts-grid row grid\" data-xlgdesktop=\"4\" data-desktop=\"3\" data-desktopsmall=\"2\" data-tablet=\"3\" data-landscape=\"2\" data-mobile=\"2\">\r\n\r\n                    <div class=\"item\">\r\n                <article class=\"post item-post post-style-1\">   \r\n\r\n        <figure class=\"entry-thumb\">\r\n        <a href=\"https:\/\/parts.bacpolska.pl\/pl\/blog\/donec-massa-pellentesque-placerat-nisl-laoreet-placerat\/\"  class=\"entry-image\">\r\n          <img fetchpriority=\"high\" decoding=\"async\" width=\"427\" height=\"220\" src=\"https:\/\/parts.bacpolska.pl\/wp-content\/smush-webp\/2019\/10\/Obraz3.png.webp\" class=\"attachment-large size-large wp-post-image\" alt=\"\" data-smush-webp-fallback=\"{&quot;src&quot;:&quot;https:\\\/\\\/parts.bacpolska.pl\\\/wp-content\\\/uploads\\\/2019\\\/10\\\/Obraz3.png&quot;}\" \/><span class=\"post-type\"><i class=\"tb-icon tb-icon-pushpin\"><\/i><\/span>        <\/a> \r\n    <\/figure>\r\n    \r\n    <div class=\"entry-header\">\r\n\r\n                    <h2 class=\"entry-title\">\r\n                <a href=\"https:\/\/parts.bacpolska.pl\/pl\/blog\/donec-massa-pellentesque-placerat-nisl-laoreet-placerat\/\">SILNIKI PR\u0104DU PRZEMIENNEGO W NORMACH TERENOWYCH ZOOMLION<\/a>\r\n            <\/h2>\r\n        \r\n        \r\n            <ul class=\"entry-meta-list\">\r\n        \r\n                    <li class=\"entry-date\">\r\n                <span class=\"screen-reader-text\">Posted on<\/span> <a href=\"https:\/\/parts.bacpolska.pl\/pl\/blog\/donec-massa-pellentesque-placerat-nisl-laoreet-placerat\/\" rel=\"bookmark\"><time class=\"entry-date published updated\" datetime=\"2023-06-12T20:25:15+02:00\">12\/06\/2023<\/time><\/a>            <\/li>\r\n        \r\n        \r\n        \r\n        \r\n            <\/ul>\r\n          \r\n                    <div class=\"entry-description\">\u00a0 Zastosowanie silnik\u00f3w pr\u0105du przemiennego Jedn\u0105 z najwa\u017cniejszych cech elektrycznej platformy mobilnej jest rodzaj zastosowanego nap\u0119du. W tym przypadku ...<\/div>\r\n        \r\n                    <a href=\"https:\/\/parts.bacpolska.pl\/pl\/blog\/donec-massa-pellentesque-placerat-nisl-laoreet-placerat\/\" class=\"readmore\" title=\"Czytaj wi\u0119cej\">Czytaj wi\u0119cej<\/a>\r\n        \r\n            <\/div>\r\n<\/article>\r\n     \r\n            <\/div>\r\n                    <div class=\"item\">\r\n                <article class=\"post item-post post-style-1\">   \r\n\r\n        <figure class=\"entry-thumb\">\r\n        <a href=\"https:\/\/parts.bacpolska.pl\/pl\/blog\/is-choosing-a-lithium-iron-phosphate-battery-for-awp-machines-a-good-choice\/\"  class=\"entry-image\">\r\n          <img decoding=\"async\" width=\"294\" height=\"168\" data-src=\"https:\/\/parts.bacpolska.pl\/wp-content\/smush-webp\/2023\/04\/obraz-1-e1688935645739.png.webp\" class=\"attachment-large size-large wp-post-image lazyload\" alt=\"\" src=\"data:image\/svg+xml;base64,PHN2ZyB3aWR0aD0iMSIgaGVpZ2h0PSIxIiB4bWxucz0iaHR0cDovL3d3dy53My5vcmcvMjAwMC9zdmciPjwvc3ZnPg==\" style=\"--smush-placeholder-width: 294px; --smush-placeholder-aspect-ratio: 294\/168;\" data-smush-webp-fallback=\"{&quot;data-src&quot;:&quot;https:\\\/\\\/parts.bacpolska.pl\\\/wp-content\\\/uploads\\\/2023\\\/04\\\/obraz-1-e1688935645739.png&quot;}\" \/><span class=\"post-type\"><i class=\"tb-icon tb-icon-pushpin\"><\/i><\/span>        <\/a> \r\n    <\/figure>\r\n    \r\n    <div class=\"entry-header\">\r\n\r\n                    <h2 class=\"entry-title\">\r\n                <a href=\"https:\/\/parts.bacpolska.pl\/pl\/blog\/is-choosing-a-lithium-iron-phosphate-battery-for-awp-machines-a-good-choice\/\">CZY WYB\u00d3R AKUMULATORA LITOWO-\u017bELAZOWO-FOSFORANOWEGO DO MASZYN AWP TO DOBRY WYB\u00d3R?<\/a>\r\n            <\/h2>\r\n        \r\n        \r\n            <ul class=\"entry-meta-list\">\r\n        \r\n                    <li class=\"entry-date\">\r\n                <span class=\"screen-reader-text\">Posted on<\/span> <a href=\"https:\/\/parts.bacpolska.pl\/pl\/blog\/is-choosing-a-lithium-iron-phosphate-battery-for-awp-machines-a-good-choice\/\" rel=\"bookmark\"><time class=\"entry-date published updated\" datetime=\"2023-04-03T15:32:38+02:00\">03\/04\/2023<\/time><\/a>            <\/li>\r\n        \r\n        \r\n        \r\n        \r\n            <\/ul>\r\n          \r\n                    <div class=\"entry-description\">W poni\u017cszym artykule postaramy si\u0119 przybli\u017cy\u0107 akumulatory typu LifePO4, kt\u00f3re coraz cz\u0119\u015bciej znajduj\u0105 zastosowanie w maszynach budowlanych ...<\/div>\r\n        \r\n                    <a href=\"https:\/\/parts.bacpolska.pl\/pl\/blog\/is-choosing-a-lithium-iron-phosphate-battery-for-awp-machines-a-good-choice\/\" class=\"readmore\" title=\"Czytaj wi\u0119cej\">Czytaj wi\u0119cej<\/a>\r\n        \r\n            <\/div>\r\n<\/article>\r\n     \r\n            <\/div>\r\n                    <div class=\"item\">\r\n                <article class=\"post item-post post-style-1\">   \r\n\r\n        <figure class=\"entry-thumb\">\r\n        <a href=\"https:\/\/parts.bacpolska.pl\/pl\/blog\/ut-labore-et-dolore-magna-aliqua\/\"  class=\"entry-image\">\r\n          <img decoding=\"async\" width=\"660\" height=\"496\" data-src=\"https:\/\/parts.bacpolska.pl\/wp-content\/uploads\/2019\/10\/1682453379561-1024x769.jpg\" class=\"attachment-large size-large wp-post-image lazyload\" alt=\"\" src=\"data:image\/svg+xml;base64,PHN2ZyB3aWR0aD0iMSIgaGVpZ2h0PSIxIiB4bWxucz0iaHR0cDovL3d3dy53My5vcmcvMjAwMC9zdmciPjwvc3ZnPg==\" style=\"--smush-placeholder-width: 660px; --smush-placeholder-aspect-ratio: 660\/496;\" \/><span class=\"post-type\"><i class=\"tb-icon tb-icon-pushpin\"><\/i><\/span>        <\/a> \r\n    <\/figure>\r\n    \r\n    <div class=\"entry-header\">\r\n\r\n                    <h2 class=\"entry-title\">\r\n                <a href=\"https:\/\/parts.bacpolska.pl\/pl\/blog\/ut-labore-et-dolore-magna-aliqua\/\">BAC POLSKA - Wysoki poziom us\u0142ug<\/a>\r\n            <\/h2>\r\n        \r\n        \r\n            <ul class=\"entry-meta-list\">\r\n        \r\n                    <li class=\"entry-date\">\r\n                <span class=\"screen-reader-text\">Posted on<\/span> <a href=\"https:\/\/parts.bacpolska.pl\/pl\/blog\/ut-labore-et-dolore-magna-aliqua\/\" rel=\"bookmark\"><time class=\"entry-date published updated\" datetime=\"2019-10-14T07:02:19+02:00\">14\/10\/2019<\/time><\/a>            <\/li>\r\n        \r\n        \r\n        \r\n        \r\n            <\/ul>\r\n          \r\n                    <div class=\"entry-description\">\u00a0 Dzi\u0119ki dogodnej lokalizacji naszych oddzia\u0142\u00f3w w Polsce, Kostrzynie nad Odr\u0105, Piotrkowie Trybunalskim, Wroc\u0142awiu i D\u0105browie G\u00f3rniczej, jeste\u015bmy w stanie ...<\/div>\r\n        \r\n                    <a href=\"https:\/\/parts.bacpolska.pl\/pl\/blog\/ut-labore-et-dolore-magna-aliqua\/\" class=\"readmore\" title=\"Czytaj wi\u0119cej\">Czytaj wi\u0119cej<\/a>\r\n        \r\n            <\/div>\r\n<\/article>\r\n     \r\n            <\/div>\r\n         \r\n    <\/div>\r\n<\/div>\r\n\r\n\t\t\t\t<\/div>\n\t\t\t\t<\/div>\n\t\t\t\t\t<\/div>\n\t\t<\/div>\n\t\t\t\t\t<\/div>\n\t\t<\/section>\n\t\t\t\t<\/div>","protected":false},"excerpt":{"rendered":"<p>AC MOTORS IN THE ZOOMLION OFF-ROAD STANDARDS Posted on 12\/06\/2023 \u00a0 Application of AC Drive Motors \u00a0One of the most important features of the electric mobile platform is the type of drive used. Here, the manufacturer, which is ZOOMLION, went towards quality, maintenance-free and durability. In addition to the AC powered drive motors, Zoomlion has &hellip; <a href=\"https:\/\/parts.bacpolska.pl\/pl\/blog\/ut-labore-et-dolore-magna-aliqua\/\" class=\"more-link\">Continue reading <span class=\"screen-reader-text\">BAC POLSKA - Wysoki poziom us\u0142ug<\/span><\/a><\/p>","protected":false},"author":5,"featured_media":0,"parent":0,"menu_order":0,"comment_status":"closed","ping_status":"closed","template":"","meta":{"_seopress_robots_primary_cat":"","_seopress_titles_title":"Blog - News & Insights | BAC Poland AWP Parts","_seopress_titles_desc":"Latest news, articles and insights about aerial work platforms. Expert knowledge about AWP parts, maintenance and industry updates.","_seopress_robots_index":"","footnotes":""},"class_list":["post-7163","page","type-page","status-publish"],"_links":{"self":[{"href":"https:\/\/parts.bacpolska.pl\/pl\/wp-json\/wp\/v2\/pages\/7163","targetHints":{"allow":["GET"]}}],"collection":[{"href":"https:\/\/parts.bacpolska.pl\/pl\/wp-json\/wp\/v2\/pages"}],"about":[{"href":"https:\/\/parts.bacpolska.pl\/pl\/wp-json\/wp\/v2\/types\/page"}],"author":[{"embeddable":true,"href":"https:\/\/parts.bacpolska.pl\/pl\/wp-json\/wp\/v2\/users\/5"}],"replies":[{"embeddable":true,"href":"https:\/\/parts.bacpolska.pl\/pl\/wp-json\/wp\/v2\/comments?post=7163"}],"version-history":[{"count":3,"href":"https:\/\/parts.bacpolska.pl\/pl\/wp-json\/wp\/v2\/pages\/7163\/revisions"}],"predecessor-version":[{"id":21051,"href":"https:\/\/parts.bacpolska.pl\/pl\/wp-json\/wp\/v2\/pages\/7163\/revisions\/21051"}],"wp:attachment":[{"href":"https:\/\/parts.bacpolska.pl\/pl\/wp-json\/wp\/v2\/media?parent=7163"}],"curies":[{"name":"wp","href":"https:\/\/api.w.org\/{rel}","templated":true}]}}