{"id":7372,"date":"2022-10-25T09:00:07","date_gmt":"2022-10-25T09:00:07","guid":{"rendered":"https:\/\/parts02.roan24.eu\/?page_id=7372"},"modified":"2023-09-11T12:08:38","modified_gmt":"2023-09-11T10:08:38","slug":"payment","status":"publish","type":"page","link":"https:\/\/parts.bacpolska.pl\/pl\/payment\/","title":{"rendered":"P\u0142atno\u015b\u0107"},"content":{"rendered":"<div data-elementor-type=\"wp-page\" data-elementor-id=\"7372\" class=\"elementor elementor-7372\" data-elementor-post-type=\"page\">\n\t\t\t\t\t\t<section class=\"elementor-section elementor-top-section elementor-element elementor-element-b6a4b27 elementor-section-stretched elementor-section-boxed elementor-section-height-default elementor-section-height-default\" data-id=\"b6a4b27\" data-element_type=\"section\" data-e-type=\"section\" data-settings=\"{&quot;stretch_section&quot;:&quot;section-stretched&quot;}\">\n\t\t\t\t\t\t<div class=\"elementor-container elementor-column-gap-default\">\n\t\t\t\t\t<div class=\"elementor-column elementor-col-100 elementor-top-column elementor-element elementor-element-0ea124f\" data-id=\"0ea124f\" data-element_type=\"column\" data-e-type=\"column\">\n\t\t\t<div class=\"elementor-widget-wrap elementor-element-populated\">\n\t\t\t\t\t\t<div class=\"elementor-element elementor-element-bfca48b elementor-widget elementor-widget-text-editor\" data-id=\"bfca48b\" data-element_type=\"widget\" data-e-type=\"widget\" data-widget_type=\"text-editor.default\">\n\t\t\t\t<div class=\"elementor-widget-container\">\n\t\t\t\t\t\t\t\t\t<p>Nasz sklep internetowy oferuje cz\u0119\u015bci do wszystkich typ\u00f3w podno\u015bnik\u00f3w budowlanych i podest\u00f3w ruchomych. Akceptujemy bezpieczne p\u0142atno\u015bci za po\u015brednictwem:<\/p><ul><li>PayPal - szybkie i \u0142atwe p\u0142atno\u015bci z konta<\/li><li>Przelewy24 - Popularny polski system p\u0142atno\u015bci online<\/li><li>Regularny przelew - dokonaj bezpo\u015bredniej wp\u0142aty na nasze konto firmowe<\/li><li>P\u0142atno\u015b\u0107 za pobraniem - zap\u0142ata przy dostawie cz\u0119\u015bci do podno\u015bnika<\/li><\/ul>\t\t\t\t\t\t\t\t<\/div>\n\t\t\t\t<\/div>\n\t\t\t\t<div class=\"elementor-element elementor-element-f286472 elementor-widget elementor-widget-text-editor\" data-id=\"f286472\" data-element_type=\"widget\" data-e-type=\"widget\" data-widget_type=\"text-editor.default\">\n\t\t\t\t<div class=\"elementor-widget-container\">\n\t\t\t\t\t\t\t\t\t<p>W przypadku du\u017cych lub niestandardowych zam\u00f3wie\u0144 na cz\u0119\u015bci do podno\u015bnik\u00f3w mo\u017cemy wymaga\u0107 wp\u0142aty z g\u00f3ry przed ich realizacj\u0105. Pozwala nam to pozyska\u0107 okre\u015blone cz\u0119\u015bci i potrzebne materia\u0142y.<\/p>\t\t\t\t\t\t\t\t<\/div>\n\t\t\t\t<\/div>\n\t\t\t\t<div class=\"elementor-element elementor-element-f4ed823 elementor-widget elementor-widget-text-editor\" data-id=\"f4ed823\" data-element_type=\"widget\" data-e-type=\"widget\" data-widget_type=\"text-editor.default\">\n\t\t\t\t<div class=\"elementor-widget-container\">\n\t\t\t\t\t\t\t\t\t<p>Pe\u0142ne informacje dotycz\u0105ce p\u0142atno\u015bci zostan\u0105 podane podczas finalizacji transakcji.<\/p>\t\t\t\t\t\t\t\t<\/div>\n\t\t\t\t<\/div>\n\t\t\t\t<div class=\"elementor-element elementor-element-bff538c elementor-widget elementor-widget-text-editor\" data-id=\"bff538c\" data-element_type=\"widget\" data-e-type=\"widget\" data-widget_type=\"text-editor.default\">\n\t\t\t\t<div class=\"elementor-widget-container\">\n\t\t\t\t\t\t\t\t\t<p>D\u0105\u017cymy do tego, aby zakup cz\u0119\u015bci do wind by\u0142 sprawny i satysfakcjonuj\u0105cy dla naszych klient\u00f3w. Skontaktuj si\u0119 z nami, je\u015bli potrzebujesz pomocy z p\u0142atno\u015bciami lub zam\u00f3wieniami. Z niecierpliwo\u015bci\u0105 czekamy na zaspokojenie Twoich potrzeb w zakresie cz\u0119\u015bci do wind budowlanych!<\/p>\t\t\t\t\t\t\t\t<\/div>\n\t\t\t\t<\/div>\n\t\t\t\t\t<\/div>\n\t\t<\/div>\n\t\t\t\t\t<\/div>\n\t\t<\/section>\n\t\t\t\t<\/div>","protected":false},"excerpt":{"rendered":"<p>Our online store offers parts for all types of construction lifts and aerial platforms. We accept secure payments through: PayPal &#8211; Fast and easy payments from your account Przelewy24 &#8211; A popular Polish online payment system Regular transfer &#8211; Make a direct deposit to our business account Cash on delivery &#8211; Pay when your lift &hellip; <a href=\"https:\/\/parts.bacpolska.pl\/pl\/payment\/\" class=\"more-link\">Continue reading <span class=\"screen-reader-text\">P\u0142atno\u015b\u0107<\/span><\/a><\/p>","protected":false},"author":5,"featured_media":0,"parent":0,"menu_order":0,"comment_status":"closed","ping_status":"closed","template":"","meta":{"_seopress_robots_primary_cat":"","_seopress_titles_title":"Payment Methods - Secure Payment Options | BAC Poland","_seopress_titles_desc":"Secure payment methods for aerial work platform parts. Multiple payment options including bank transfer, credit cards and more.","_seopress_robots_index":"","footnotes":""},"class_list":["post-7372","page","type-page","status-publish"],"_links":{"self":[{"href":"https:\/\/parts.bacpolska.pl\/pl\/wp-json\/wp\/v2\/pages\/7372","targetHints":{"allow":["GET"]}}],"collection":[{"href":"https:\/\/parts.bacpolska.pl\/pl\/wp-json\/wp\/v2\/pages"}],"about":[{"href":"https:\/\/parts.bacpolska.pl\/pl\/wp-json\/wp\/v2\/types\/page"}],"author":[{"embeddable":true,"href":"https:\/\/parts.bacpolska.pl\/pl\/wp-json\/wp\/v2\/users\/5"}],"replies":[{"embeddable":true,"href":"https:\/\/parts.bacpolska.pl\/pl\/wp-json\/wp\/v2\/comments?post=7372"}],"version-history":[{"count":0,"href":"https:\/\/parts.bacpolska.pl\/pl\/wp-json\/wp\/v2\/pages\/7372\/revisions"}],"wp:attachment":[{"href":"https:\/\/parts.bacpolska.pl\/pl\/wp-json\/wp\/v2\/media?parent=7372"}],"curies":[{"name":"wp","href":"https:\/\/api.w.org\/{rel}","templated":true}]}}