{"id":6100,"date":"2022-10-05T12:46:42","date_gmt":"2022-10-05T12:46:42","guid":{"rendered":"https:\/\/parts.roan24.eu\/?post_type=product&#038;p=6100"},"modified":"2023-01-02T17:17:45","modified_gmt":"2023-01-02T17:17:45","slug":"enginee-speed-motor","status":"publish","type":"product","link":"https:\/\/parts.bacpolska.pl\/pl\/parts\/electrical-components\/enginee-speed-motor\/","title":{"rendered":"Pr\u0119dko\u015b\u0107 silnika"},"content":{"rendered":"<p>Pr\u0119dko\u015b\u0107 silnika<\/p>\n<p>Used: Kubota v2407 CR enginees<\/p>","protected":false},"excerpt":{"rendered":"<p>No: 20210912<br \/>\nUsed: Zoomlion &#8211; Models with Kubota enginee- Diesel<\/p>","protected":false},"featured_media":8119,"template":"","meta":{"_seopress_robots_primary_cat":"none","_seopress_titles_title":"Engine Speed Motor | Diesel AWP Motor","_seopress_titles_desc":"Engine speed motor for diesel aerial work platforms. Power control motor for Zoomlion AWP engine management systems.","_seopress_robots_index":""},"product_brand":[],"product_cat":[108,219],"product_tag":[],"class_list":{"0":"post-6100","1":"product","2":"type-product","3":"status-publish","4":"has-post-thumbnail","6":"product_cat-electrical-components","7":"product_cat-engine-parts","8":"pa_lift-manufacturers-zoomlion","9":"pa_type-of-lift-diesel-scissors-lifts","10":"pa_type-of-lift-diesel-telescopic-boom-lifts","11":"pa_type-of-spare-part-electrical-components","12":"pa_type-of-spare-part-engine-parts","15":"instock","16":"taxable","17":"shipping-taxable","18":"product-type-simple"},"_links":{"self":[{"href":"https:\/\/parts.bacpolska.pl\/pl\/wp-json\/wp\/v2\/product\/6100","targetHints":{"allow":["GET"]}}],"collection":[{"href":"https:\/\/parts.bacpolska.pl\/pl\/wp-json\/wp\/v2\/product"}],"about":[{"href":"https:\/\/parts.bacpolska.pl\/pl\/wp-json\/wp\/v2\/types\/product"}],"version-history":[{"count":0,"href":"https:\/\/parts.bacpolska.pl\/pl\/wp-json\/wp\/v2\/product\/6100\/revisions"}],"wp:featuredmedia":[{"embeddable":true,"href":"https:\/\/parts.bacpolska.pl\/pl\/wp-json\/wp\/v2\/media\/8119"}],"wp:attachment":[{"href":"https:\/\/parts.bacpolska.pl\/pl\/wp-json\/wp\/v2\/media?parent=6100"}],"wp:term":[{"taxonomy":"product_brand","embeddable":true,"href":"https:\/\/parts.bacpolska.pl\/pl\/wp-json\/wp\/v2\/product_brand?post=6100"},{"taxonomy":"product_cat","embeddable":true,"href":"https:\/\/parts.bacpolska.pl\/pl\/wp-json\/wp\/v2\/product_cat?post=6100"},{"taxonomy":"product_tag","embeddable":true,"href":"https:\/\/parts.bacpolska.pl\/pl\/wp-json\/wp\/v2\/product_tag?post=6100"}],"curies":[{"name":"wp","href":"https:\/\/api.w.org\/{rel}","templated":true}]}}