{"id":6105,"date":"2022-10-05T12:46:43","date_gmt":"2022-10-05T12:46:43","guid":{"rendered":"https:\/\/parts.roan24.eu\/?post_type=product&#038;p=6105"},"modified":"2023-03-29T18:32:23","modified_gmt":"2023-03-29T18:32:23","slug":"emergency-stop-1020502039","status":"publish","type":"product","link":"https:\/\/parts.bacpolska.pl\/pl\/parts\/electrical-components\/switches\/emergency-stop-1020502039\/","title":{"rendered":"G\u0142\u00f3wny wy\u0142\u0105cznik zasilania 10205211277"},"content":{"rendered":"<p>Emergency stop button<\/p>\n<p>Mode: ZDK31-250<\/p>\n<p>Used: Zoomlion scissor lifts &amp; ZA20JE<\/p>","protected":false},"excerpt":{"rendered":"<p>Part No. 1020521277<br \/>\nUsed: all Zoomlion scissor lifts &amp; ZA20JE<\/p>","protected":false},"featured_media":6179,"template":"","meta":{"_seopress_robots_primary_cat":"none","_seopress_titles_title":"Main Power Switch 10205211277 | Emergency Stop","_seopress_titles_desc":"Main power switch and emergency stop for aerial work platforms 10205211277. Safety shut-off control for AWP systems.","_seopress_robots_index":""},"product_brand":[398],"product_cat":[108,383],"product_tag":[],"class_list":{"0":"post-6105","1":"product","2":"type-product","3":"status-publish","4":"has-post-thumbnail","6":"product_brand-zoomlion","7":"product_cat-electrical-components","8":"product_cat-switches","9":"pa_lift-manufacturers-zoomlion","10":"pa_type-of-lift-diesel-scissors-lifts","11":"pa_type-of-lift-diesel-telescopic-boom-lifts","12":"pa_type-of-lift-electric-scissors-lifts","13":"pa_type-of-lift-electric-telescopic-boom-lifts","14":"pa_type-of-spare-part-electrical-components","17":"instock","18":"taxable","19":"shipping-taxable","20":"purchasable","21":"product-type-simple"},"_links":{"self":[{"href":"https:\/\/parts.bacpolska.pl\/pl\/wp-json\/wp\/v2\/product\/6105","targetHints":{"allow":["GET"]}}],"collection":[{"href":"https:\/\/parts.bacpolska.pl\/pl\/wp-json\/wp\/v2\/product"}],"about":[{"href":"https:\/\/parts.bacpolska.pl\/pl\/wp-json\/wp\/v2\/types\/product"}],"version-history":[{"count":0,"href":"https:\/\/parts.bacpolska.pl\/pl\/wp-json\/wp\/v2\/product\/6105\/revisions"}],"wp:featuredmedia":[{"embeddable":true,"href":"https:\/\/parts.bacpolska.pl\/pl\/wp-json\/wp\/v2\/media\/6179"}],"wp:attachment":[{"href":"https:\/\/parts.bacpolska.pl\/pl\/wp-json\/wp\/v2\/media?parent=6105"}],"wp:term":[{"taxonomy":"product_brand","embeddable":true,"href":"https:\/\/parts.bacpolska.pl\/pl\/wp-json\/wp\/v2\/product_brand?post=6105"},{"taxonomy":"product_cat","embeddable":true,"href":"https:\/\/parts.bacpolska.pl\/pl\/wp-json\/wp\/v2\/product_cat?post=6105"},{"taxonomy":"product_tag","embeddable":true,"href":"https:\/\/parts.bacpolska.pl\/pl\/wp-json\/wp\/v2\/product_tag?post=6105"}],"curies":[{"name":"wp","href":"https:\/\/api.w.org\/{rel}","templated":true}]}}