{"id":6107,"date":"2022-10-05T12:46:43","date_gmt":"2022-10-05T12:46:43","guid":{"rendered":"https:\/\/parts.roan24.eu\/?post_type=product&#038;p=6107"},"modified":"2023-03-29T18:24:30","modified_gmt":"2023-03-29T18:24:30","slug":"limit-switch-nc-no","status":"publish","type":"product","link":"https:\/\/parts.bacpolska.pl\/pl\/parts\/electrical-components\/switches\/limit-switch-nc-no\/","title":{"rendered":"Wy\u0142\u0105cznik kra\u0144cowy NC\/NO.- 1020521041\/0077110N1000001"},"content":{"rendered":"<p>Limit switch<\/p>\n<p>Model: Telemecanique, NO+1NC\\\\XCMN2102L1\\<\/p>\n<p>Lenth of cable: 100cm<\/p>\n<p>Used: Zoomlion ZS0407 only<\/p>\n<p>&nbsp;<\/p>","protected":false},"excerpt":{"rendered":"<p>No:<br \/>\nUsed: Zoomlion &#8211; All models<\/p>","protected":false},"featured_media":7958,"template":"","meta":{"_seopress_robots_primary_cat":"none","_seopress_titles_title":"Limit switch NC\/NO.- 1020521041\/0077110N1000001 | BAC Poland AWP Parts","_seopress_titles_desc":"Limit switch NC\/NO.- 1020521041\/0077110N1000001 - Quality spare part for aerial work platforms. Genuine and aftermarket AWP component for Zoomlion equipment.","_seopress_robots_index":""},"product_brand":[318,398],"product_cat":[108,383],"product_tag":[],"class_list":{"0":"post-6107","1":"product","2":"type-product","3":"status-publish","4":"has-post-thumbnail","6":"product_brand-telemecanique","7":"product_brand-zoomlion","8":"product_cat-electrical-components","9":"product_cat-switches","10":"pa_lift-manufacturers-zoomlion","11":"pa_type-of-lift-diesel-scissors-lifts","12":"pa_type-of-lift-diesel-telescopic-boom-lifts","13":"pa_type-of-lift-electric-scissors-lifts","14":"pa_type-of-lift-electric-telescopic-boom-lifts","15":"pa_type-of-spare-part-electrical-components","18":"instock","19":"taxable","20":"shipping-taxable","21":"purchasable","22":"product-type-simple"},"_links":{"self":[{"href":"https:\/\/parts.bacpolska.pl\/pl\/wp-json\/wp\/v2\/product\/6107","targetHints":{"allow":["GET"]}}],"collection":[{"href":"https:\/\/parts.bacpolska.pl\/pl\/wp-json\/wp\/v2\/product"}],"about":[{"href":"https:\/\/parts.bacpolska.pl\/pl\/wp-json\/wp\/v2\/types\/product"}],"version-history":[{"count":0,"href":"https:\/\/parts.bacpolska.pl\/pl\/wp-json\/wp\/v2\/product\/6107\/revisions"}],"wp:featuredmedia":[{"embeddable":true,"href":"https:\/\/parts.bacpolska.pl\/pl\/wp-json\/wp\/v2\/media\/7958"}],"wp:attachment":[{"href":"https:\/\/parts.bacpolska.pl\/pl\/wp-json\/wp\/v2\/media?parent=6107"}],"wp:term":[{"taxonomy":"product_brand","embeddable":true,"href":"https:\/\/parts.bacpolska.pl\/pl\/wp-json\/wp\/v2\/product_brand?post=6107"},{"taxonomy":"product_cat","embeddable":true,"href":"https:\/\/parts.bacpolska.pl\/pl\/wp-json\/wp\/v2\/product_cat?post=6107"},{"taxonomy":"product_tag","embeddable":true,"href":"https:\/\/parts.bacpolska.pl\/pl\/wp-json\/wp\/v2\/product_tag?post=6107"}],"curies":[{"name":"wp","href":"https:\/\/api.w.org\/{rel}","templated":true}]}}