{"id":6148,"date":"2022-10-05T12:47:04","date_gmt":"2022-10-05T12:47:04","guid":{"rendered":"https:\/\/parts.roan24.eu\/?post_type=product&#038;p=6148"},"modified":"2023-11-19T22:14:24","modified_gmt":"2023-11-19T21:14:24","slug":"boom-lenght-sensor-1021404017","status":"publish","type":"product","link":"https:\/\/parts.bacpolska.pl\/pl\/parts\/electrical-components\/sensors-potentiometer\/boom-lenght-sensor-1021404017\/","title":{"rendered":"Czujnik d\u0142ugo\u015bci wysi\u0119gnika 1021404017"},"content":{"rendered":"<p>Boom Lenght sensor &#8211; Gefran<\/p>\n<p>Model: GSF, F068769<\/p>\n<p><em>Note: Requires calibration<\/em><\/p>","protected":false},"excerpt":{"rendered":"<p>Part no. 1021404017<\/p>\n<p>Used:\u00a0 Zoomlion boom lifts<\/p>","protected":false},"featured_media":6205,"template":"","meta":{"_seopress_robots_primary_cat":"none","_seopress_titles_title":"Boom Lenght sensor 1021404017 | BAC Poland AWP Parts","_seopress_titles_desc":"Zoomlion boom lifts","_seopress_robots_index":""},"product_brand":[409,398],"product_cat":[108,382],"product_tag":[],"class_list":{"0":"post-6148","1":"product","2":"type-product","3":"status-publish","4":"has-post-thumbnail","6":"product_brand-gefran","7":"product_brand-zoomlion","8":"product_cat-electrical-components","9":"product_cat-sensors-potentiometer","12":"outofstock","13":"taxable","14":"shipping-taxable","15":"purchasable","16":"product-type-simple"},"_links":{"self":[{"href":"https:\/\/parts.bacpolska.pl\/pl\/wp-json\/wp\/v2\/product\/6148","targetHints":{"allow":["GET"]}}],"collection":[{"href":"https:\/\/parts.bacpolska.pl\/pl\/wp-json\/wp\/v2\/product"}],"about":[{"href":"https:\/\/parts.bacpolska.pl\/pl\/wp-json\/wp\/v2\/types\/product"}],"version-history":[{"count":0,"href":"https:\/\/parts.bacpolska.pl\/pl\/wp-json\/wp\/v2\/product\/6148\/revisions"}],"wp:featuredmedia":[{"embeddable":true,"href":"https:\/\/parts.bacpolska.pl\/pl\/wp-json\/wp\/v2\/media\/6205"}],"wp:attachment":[{"href":"https:\/\/parts.bacpolska.pl\/pl\/wp-json\/wp\/v2\/media?parent=6148"}],"wp:term":[{"taxonomy":"product_brand","embeddable":true,"href":"https:\/\/parts.bacpolska.pl\/pl\/wp-json\/wp\/v2\/product_brand?post=6148"},{"taxonomy":"product_cat","embeddable":true,"href":"https:\/\/parts.bacpolska.pl\/pl\/wp-json\/wp\/v2\/product_cat?post=6148"},{"taxonomy":"product_tag","embeddable":true,"href":"https:\/\/parts.bacpolska.pl\/pl\/wp-json\/wp\/v2\/product_tag?post=6148"}],"curies":[{"name":"wp","href":"https:\/\/api.w.org\/{rel}","templated":true}]}}