{"id":6154,"date":"2022-10-05T12:47:05","date_gmt":"2022-10-05T12:47:05","guid":{"rendered":"https:\/\/parts.roan24.eu\/?post_type=product&#038;p=6154"},"modified":"2023-03-29T11:44:00","modified_gmt":"2023-03-29T11:44:00","slug":"foot-switch-1020521022","status":"publish","type":"product","link":"https:\/\/parts.bacpolska.pl\/pl\/parts\/electrical-components\/switches\/foot-switch-1020521022\/","title":{"rendered":"Prze\u0142\u0105cznik no\u017cny 1020521022"},"content":{"rendered":"<p>Foot Switch IP65<\/p>\n<p>Used: common boom lifts<\/p>","protected":false},"excerpt":{"rendered":"<p>Part no. 1020521022<\/p>\n<p>Used: Zoomlion<span class=\"Y2IQFc\" lang=\"en\"> telescopic \/ articulated machines<\/span><\/p>","protected":false},"featured_media":6218,"template":"","meta":{"_seopress_robots_primary_cat":"none","_seopress_titles_title":"Foot switch 1020521022 | BAC Poland AWP Parts","_seopress_titles_desc":"Foot switch 1020521022 - Quality spare part for aerial work platforms. Genuine and aftermarket AWP component for Zoomlion equipment.","_seopress_robots_index":""},"product_brand":[398],"product_cat":[108,383],"product_tag":[],"class_list":{"0":"post-6154","1":"product","2":"type-product","3":"status-publish","4":"has-post-thumbnail","6":"product_brand-zoomlion","7":"product_cat-electrical-components","8":"product_cat-switches","9":"pa_lift-manufacturers-zoomlion","10":"pa_type-of-lift-diesel-telescopic-boom-lifts","11":"pa_type-of-lift-electric-telescopic-boom-lifts","12":"pa_type-of-spare-part-electrical-components","15":"instock","16":"taxable","17":"shipping-taxable","18":"purchasable","19":"product-type-simple"},"_links":{"self":[{"href":"https:\/\/parts.bacpolska.pl\/pl\/wp-json\/wp\/v2\/product\/6154","targetHints":{"allow":["GET"]}}],"collection":[{"href":"https:\/\/parts.bacpolska.pl\/pl\/wp-json\/wp\/v2\/product"}],"about":[{"href":"https:\/\/parts.bacpolska.pl\/pl\/wp-json\/wp\/v2\/types\/product"}],"version-history":[{"count":0,"href":"https:\/\/parts.bacpolska.pl\/pl\/wp-json\/wp\/v2\/product\/6154\/revisions"}],"wp:featuredmedia":[{"embeddable":true,"href":"https:\/\/parts.bacpolska.pl\/pl\/wp-json\/wp\/v2\/media\/6218"}],"wp:attachment":[{"href":"https:\/\/parts.bacpolska.pl\/pl\/wp-json\/wp\/v2\/media?parent=6154"}],"wp:term":[{"taxonomy":"product_brand","embeddable":true,"href":"https:\/\/parts.bacpolska.pl\/pl\/wp-json\/wp\/v2\/product_brand?post=6154"},{"taxonomy":"product_cat","embeddable":true,"href":"https:\/\/parts.bacpolska.pl\/pl\/wp-json\/wp\/v2\/product_cat?post=6154"},{"taxonomy":"product_tag","embeddable":true,"href":"https:\/\/parts.bacpolska.pl\/pl\/wp-json\/wp\/v2\/product_tag?post=6154"}],"curies":[{"name":"wp","href":"https:\/\/api.w.org\/{rel}","templated":true}]}}