{"id":7666,"date":"2022-11-22T21:34:27","date_gmt":"2022-11-22T21:34:27","guid":{"rendered":"https:\/\/parts02.roan24.eu\/?post_type=product&#038;p=7666"},"modified":"2023-03-29T18:51:34","modified_gmt":"2023-03-29T18:51:34","slug":"rubber-truck-crawler-1031400891","status":"publish","type":"product","link":"https:\/\/parts.bacpolska.pl\/pl\/parts\/mechanical-parts\/rubber-truck-crawler-1031400891\/","title":{"rendered":"Gumowa ci\u0119\u017car\u00f3wka (g\u0105sienicowa) - 1031400891"},"content":{"rendered":"<p>Wide Rubber Truck 200 x 72 x 55 &#8211; A<\/p>\n<p>Material: <span class=\"Y2IQFc\" lang=\"en\">non-marking, strong durable rubber<\/span><\/p>\n<p>Used: Zoomlion ZS0610C only<\/p>","protected":false},"excerpt":{"rendered":"<p>Part No.: 1031400891<\/p>\n<p>Used: Zoomlion ZS0610C only<\/p>","protected":false},"featured_media":0,"template":"","meta":{"_seopress_robots_primary_cat":"","_seopress_titles_title":"Rubber Truck ( Crawler) - 1031400891 | BAC Poland AWP Parts","_seopress_titles_desc":"Rubber Truck ( Crawler) - 1031400891 - Quality spare part for aerial work platforms. Genuine and aftermarket AWP component for Zoomlion equipment.","_seopress_robots_index":""},"product_brand":[],"product_cat":[116,286],"product_tag":[],"class_list":{"0":"post-7666","1":"product","2":"type-product","3":"status-publish","5":"product_cat-mechanical-parts","6":"product_cat-wheels-tires","7":"pa_brand-parts-orginal-zoomlion","8":"pa_lift-manufacturers-zoomlion","9":"pa_type-of-lift-electric-scissors-lifts","10":"pa_type-of-spare-part-mechanical-parts","13":"instock","14":"taxable","15":"shipping-taxable","16":"purchasable","17":"product-type-simple"},"_links":{"self":[{"href":"https:\/\/parts.bacpolska.pl\/pl\/wp-json\/wp\/v2\/product\/7666","targetHints":{"allow":["GET"]}}],"collection":[{"href":"https:\/\/parts.bacpolska.pl\/pl\/wp-json\/wp\/v2\/product"}],"about":[{"href":"https:\/\/parts.bacpolska.pl\/pl\/wp-json\/wp\/v2\/types\/product"}],"version-history":[{"count":0,"href":"https:\/\/parts.bacpolska.pl\/pl\/wp-json\/wp\/v2\/product\/7666\/revisions"}],"wp:attachment":[{"href":"https:\/\/parts.bacpolska.pl\/pl\/wp-json\/wp\/v2\/media?parent=7666"}],"wp:term":[{"taxonomy":"product_brand","embeddable":true,"href":"https:\/\/parts.bacpolska.pl\/pl\/wp-json\/wp\/v2\/product_brand?post=7666"},{"taxonomy":"product_cat","embeddable":true,"href":"https:\/\/parts.bacpolska.pl\/pl\/wp-json\/wp\/v2\/product_cat?post=7666"},{"taxonomy":"product_tag","embeddable":true,"href":"https:\/\/parts.bacpolska.pl\/pl\/wp-json\/wp\/v2\/product_tag?post=7666"}],"curies":[{"name":"wp","href":"https:\/\/api.w.org\/{rel}","templated":true}]}}