{"id":7693,"date":"2022-11-22T23:01:20","date_gmt":"2022-11-22T23:01:20","guid":{"rendered":"https:\/\/parts02.roan24.eu\/?post_type=product&#038;p=7693"},"modified":"2023-08-18T11:18:32","modified_gmt":"2023-08-18T09:18:32","slug":"lifting-balance-valve-za20j-za20je-1010306723","status":"publish","type":"product","link":"https:\/\/parts.bacpolska.pl\/pl\/parts\/hydraulic-parts\/cylinders\/lifting-balance-valve-za20j-za20je-1010306723\/","title":{"rendered":"Zaw\u00f3r r\u00f3wnowa\u017c\u0105cy ZA20J\/ZA20JE- 1010306723"},"content":{"rendered":"<p>Tower Boom Lifting Balance Valve . It is complete with tubes, connectors &amp; selenoid.<\/p>\n<p>Mounted: on the cylinder.<\/p>\n<p>Used: Zoomlion ZA20JE ( left &amp; right tower cylinder) &amp; ZA20J (tower cylinder)<\/p>\n<p>Type: R930076738 19\/21<\/p>\n<p><a href=\"https:\/\/parts.bacpolska.pl\/wp-content\/uploads\/2022\/11\/tower-.jpg\"><img decoding=\"async\" class=\"alignnone size-medium wp-image-7694 lazyload\" data-src=\"https:\/\/parts.bacpolska.pl\/wp-content\/uploads\/2022\/11\/tower--300x164.jpg\" alt=\"\" width=\"300\" height=\"164\" src=\"data:image\/svg+xml;base64,PHN2ZyB3aWR0aD0iMSIgaGVpZ2h0PSIxIiB4bWxucz0iaHR0cDovL3d3dy53My5vcmcvMjAwMC9zdmciPjwvc3ZnPg==\" style=\"--smush-placeholder-width: 300px; --smush-placeholder-aspect-ratio: 300\/164;\" \/><\/a><\/p>\n<p>&nbsp;<\/p>","protected":false},"excerpt":{"rendered":"<p>Part No.: 1010306723<\/p>\n<p>Used: Zoomlion ZA20JE &amp; ZA20J<\/p>","protected":false},"featured_media":8722,"template":"","meta":{"_seopress_robots_primary_cat":"","_seopress_titles_title":"Lifting Balance Valve ZA20J\/ZA20JE- 1010306723 | BAC Poland AWP Parts","_seopress_titles_desc":"Lifting Balance Valve ZA20J\/ZA20JE- 1010306723 - Quality spare part for aerial work platforms. Genuine and aftermarket AWP component for Zoomlion equipment.","_seopress_robots_index":""},"product_brand":[],"product_cat":[387,118,238],"product_tag":[],"class_list":{"0":"post-7693","1":"product","2":"type-product","3":"status-publish","4":"has-post-thumbnail","6":"product_cat-cylinders","7":"product_cat-hydraulic-parts","8":"product_cat-manifold-hydraulic","9":"pa_brand-parts-orginal-zoomlion","10":"pa_brand-parts-rexroth","11":"pa_lift-manufacturers-zoomlion","12":"pa_type-of-lift-diesel-telescopic-boom-lifts","13":"pa_type-of-lift-electric-telescopic-boom-lifts","14":"pa_type-of-spare-part-hydraulic-parts","17":"instock","18":"taxable","19":"shipping-taxable","20":"purchasable","21":"product-type-simple"},"_links":{"self":[{"href":"https:\/\/parts.bacpolska.pl\/pl\/wp-json\/wp\/v2\/product\/7693","targetHints":{"allow":["GET"]}}],"collection":[{"href":"https:\/\/parts.bacpolska.pl\/pl\/wp-json\/wp\/v2\/product"}],"about":[{"href":"https:\/\/parts.bacpolska.pl\/pl\/wp-json\/wp\/v2\/types\/product"}],"version-history":[{"count":0,"href":"https:\/\/parts.bacpolska.pl\/pl\/wp-json\/wp\/v2\/product\/7693\/revisions"}],"wp:featuredmedia":[{"embeddable":true,"href":"https:\/\/parts.bacpolska.pl\/pl\/wp-json\/wp\/v2\/media\/8722"}],"wp:attachment":[{"href":"https:\/\/parts.bacpolska.pl\/pl\/wp-json\/wp\/v2\/media?parent=7693"}],"wp:term":[{"taxonomy":"product_brand","embeddable":true,"href":"https:\/\/parts.bacpolska.pl\/pl\/wp-json\/wp\/v2\/product_brand?post=7693"},{"taxonomy":"product_cat","embeddable":true,"href":"https:\/\/parts.bacpolska.pl\/pl\/wp-json\/wp\/v2\/product_cat?post=7693"},{"taxonomy":"product_tag","embeddable":true,"href":"https:\/\/parts.bacpolska.pl\/pl\/wp-json\/wp\/v2\/product_tag?post=7693"}],"curies":[{"name":"wp","href":"https:\/\/api.w.org\/{rel}","templated":true}]}}