{"id":7702,"date":"2022-11-23T09:34:50","date_gmt":"2022-11-23T09:34:50","guid":{"rendered":"https:\/\/parts02.roan24.eu\/?post_type=product&#038;p=7702"},"modified":"2022-11-23T09:39:51","modified_gmt":"2022-11-23T09:39:51","slug":"lift-balance-valve-za20j-za20je-za14je-li-1010306616","status":"publish","type":"product","link":"https:\/\/parts.bacpolska.pl\/pl\/parts\/hydraulic-parts\/cylinders\/lift-balance-valve-za20j-za20je-za14je-li-1010306616\/","title":{"rendered":"Zaw\u00f3r r\u00f3wnowa\u017c\u0105cy podno\u015bnik (ZA20J\/ZA20JE\/ZA14JE-lI) - 1010306616"},"content":{"rendered":"<p>Lift Balance Valve &#8211; Rexroth. Mounted on cylinder.<\/p>\n<p>Model:\u00a0 OFD30206BS0001<\/p>\n<p>Used: Zoomlion ZA20J( Main boom cylinder &amp; left tower boom cylinder), ZA20JE ( main boom cylinder) , ZA14JE-Li ( tower boom cylinder)<\/p>","protected":false},"excerpt":{"rendered":"<p>Part No.: 1010306616<\/p>\n<p>Used: Zoomlion ZA20J, ZA20JE, ZA14JE-Li<\/p>","protected":false},"featured_media":0,"template":"","meta":{"_seopress_robots_primary_cat":"","_seopress_titles_title":"Lift Balance Valve ( ZA20J\/ZA20JE\/ZA14JE-lI) - 10103066 | BAC Poland AWP Parts","_seopress_titles_desc":"Lift Balance Valve ( ZA20J\/ZA20JE\/ZA14JE-lI) - 1010306616 - Quality spare part for aerial work platforms. Genuine and aftermarket AWP component for Zoomlion equipment.","_seopress_robots_index":""},"product_brand":[],"product_cat":[387,118,238,119],"product_tag":[],"class_list":{"0":"post-7702","1":"product","2":"type-product","3":"status-publish","5":"product_cat-cylinders","6":"product_cat-hydraulic-parts","7":"product_cat-manifold-hydraulic","8":"product_cat-valve","9":"pa_brand-parts-rexroth","10":"pa_lift-manufacturers-zoomlion","11":"pa_type-of-lift-diesel-telescopic-boom-lifts","12":"pa_type-of-lift-electric-telescopic-boom-lifts","13":"pa_type-of-spare-part-hydraulic-parts","16":"instock","17":"taxable","18":"shipping-taxable","19":"purchasable","20":"product-type-simple"},"_links":{"self":[{"href":"https:\/\/parts.bacpolska.pl\/pl\/wp-json\/wp\/v2\/product\/7702","targetHints":{"allow":["GET"]}}],"collection":[{"href":"https:\/\/parts.bacpolska.pl\/pl\/wp-json\/wp\/v2\/product"}],"about":[{"href":"https:\/\/parts.bacpolska.pl\/pl\/wp-json\/wp\/v2\/types\/product"}],"version-history":[{"count":0,"href":"https:\/\/parts.bacpolska.pl\/pl\/wp-json\/wp\/v2\/product\/7702\/revisions"}],"wp:attachment":[{"href":"https:\/\/parts.bacpolska.pl\/pl\/wp-json\/wp\/v2\/media?parent=7702"}],"wp:term":[{"taxonomy":"product_brand","embeddable":true,"href":"https:\/\/parts.bacpolska.pl\/pl\/wp-json\/wp\/v2\/product_brand?post=7702"},{"taxonomy":"product_cat","embeddable":true,"href":"https:\/\/parts.bacpolska.pl\/pl\/wp-json\/wp\/v2\/product_cat?post=7702"},{"taxonomy":"product_tag","embeddable":true,"href":"https:\/\/parts.bacpolska.pl\/pl\/wp-json\/wp\/v2\/product_tag?post=7702"}],"curies":[{"name":"wp","href":"https:\/\/api.w.org\/{rel}","templated":true}]}}