{"id":7704,"date":"2022-11-23T09:56:37","date_gmt":"2022-11-23T09:56:37","guid":{"rendered":"https:\/\/parts02.roan24.eu\/?post_type=product&#038;p=7704"},"modified":"2023-03-29T18:31:33","modified_gmt":"2023-03-29T18:31:33","slug":"main-control-valve-scissors-1010306187","status":"publish","type":"product","link":"https:\/\/parts.bacpolska.pl\/pl\/parts\/hydraulic-parts\/manifold-hydraulic\/main-control-valve-scissors-1010306187\/","title":{"rendered":"G\u0142\u00f3wny zaw\u00f3r steruj\u0105cy (no\u017cyce DC) - 1010306187"},"content":{"rendered":"<p>Main control valve .<\/p>\n<p>Used: Zoomlion ZS0607DC,ZS0608DC,ZS0808DC,ZS0812DC, ZS1012DC, ZS1212DC, ZS1414DC<\/p>\n<p><em>Note: Main control valve is for only DC series<\/em><\/p>","protected":false},"excerpt":{"rendered":"<p>Part No: 1010306187<\/p>\n<p>Used: Zoomlion ZS0607DC,ZS0608DC,ZS0808DC,ZS0812DC, ZS1012DC, ZS1212DC, ZS1414DC<\/p>","protected":false},"featured_media":7855,"template":"","meta":{"_seopress_robots_primary_cat":"","_seopress_titles_title":"Main Control Valve ( DC scissors) - 1010306187 | BAC Poland AWP Parts","_seopress_titles_desc":"Main Control Valve ( DC scissors) - 1010306187 - Quality spare part for aerial work platforms. Genuine and aftermarket AWP component for Zoomlion equipment.","_seopress_robots_index":""},"product_brand":[],"product_cat":[118,238,119],"product_tag":[],"class_list":{"0":"post-7704","1":"product","2":"type-product","3":"status-publish","4":"has-post-thumbnail","6":"product_cat-hydraulic-parts","7":"product_cat-manifold-hydraulic","8":"product_cat-valve","9":"pa_brand-parts-rexroth","10":"pa_lift-manufacturers-zoomlion","11":"pa_type-of-lift-electric-scissors-lifts","12":"pa_type-of-spare-part-hydraulic-parts","15":"instock","16":"taxable","17":"shipping-taxable","18":"purchasable","19":"product-type-simple"},"_links":{"self":[{"href":"https:\/\/parts.bacpolska.pl\/pl\/wp-json\/wp\/v2\/product\/7704","targetHints":{"allow":["GET"]}}],"collection":[{"href":"https:\/\/parts.bacpolska.pl\/pl\/wp-json\/wp\/v2\/product"}],"about":[{"href":"https:\/\/parts.bacpolska.pl\/pl\/wp-json\/wp\/v2\/types\/product"}],"version-history":[{"count":0,"href":"https:\/\/parts.bacpolska.pl\/pl\/wp-json\/wp\/v2\/product\/7704\/revisions"}],"wp:featuredmedia":[{"embeddable":true,"href":"https:\/\/parts.bacpolska.pl\/pl\/wp-json\/wp\/v2\/media\/7855"}],"wp:attachment":[{"href":"https:\/\/parts.bacpolska.pl\/pl\/wp-json\/wp\/v2\/media?parent=7704"}],"wp:term":[{"taxonomy":"product_brand","embeddable":true,"href":"https:\/\/parts.bacpolska.pl\/pl\/wp-json\/wp\/v2\/product_brand?post=7704"},{"taxonomy":"product_cat","embeddable":true,"href":"https:\/\/parts.bacpolska.pl\/pl\/wp-json\/wp\/v2\/product_cat?post=7704"},{"taxonomy":"product_tag","embeddable":true,"href":"https:\/\/parts.bacpolska.pl\/pl\/wp-json\/wp\/v2\/product_tag?post=7704"}],"curies":[{"name":"wp","href":"https:\/\/api.w.org\/{rel}","templated":true}]}}