{"id":7706,"date":"2022-11-23T09:59:53","date_gmt":"2022-11-23T09:59:53","guid":{"rendered":"https:\/\/parts02.roan24.eu\/?post_type=product&#038;p=7706"},"modified":"2023-03-29T18:30:55","modified_gmt":"2023-03-29T18:30:55","slug":"main-control-valve-dc-li-scissors","status":"publish","type":"product","link":"https:\/\/parts.bacpolska.pl\/pl\/parts\/hydraulic-parts\/manifold-hydraulic\/main-control-valve-dc-li-scissors\/","title":{"rendered":"G\u0142\u00f3wny zaw\u00f3r steruj\u0105cy (no\u017cyce DC-Li) -1010306289"},"content":{"rendered":"<p>Main control valve.<\/p>\n<p>Used: Zoomlion ZS0607DC-Li,ZS0608DC-Li,ZS0808DC-Li, ZS0812DC-Li, ZS1012DC-Li,ZS1212DC-Li, ZS1414DC-Li<\/p>\n<p><em>Note: Main control valve is for DC-Li series only<\/em><\/p>","protected":false},"excerpt":{"rendered":"<p>Part No: 1010306289<\/p>\n<p>Used: Zoomlion ZS0607DC-Li,ZS0608DC-Li,ZS0808DC-Li, ZS0812DC-Li, ZS1012DC-Li,ZS1212DC-Li, ZS1414DC-Li<\/p>","protected":false},"featured_media":7855,"template":"","meta":{"_seopress_robots_primary_cat":"","_seopress_titles_title":"Main Control valve ( DC -Li scissors) -1010306289 | BAC Poland AWP Parts","_seopress_titles_desc":"Main Control valve ( DC -Li scissors) -1010306289 - Quality spare part for aerial work platforms. Genuine and aftermarket AWP component for Zoomlion equipment.","_seopress_robots_index":""},"product_brand":[],"product_cat":[118,238],"product_tag":[],"class_list":{"0":"post-7706","1":"product","2":"type-product","3":"status-publish","4":"has-post-thumbnail","6":"product_cat-hydraulic-parts","7":"product_cat-manifold-hydraulic","8":"pa_brand-parts-sant","9":"pa_lift-manufacturers-zoomlion","10":"pa_type-of-lift-electric-scissors-lifts","11":"pa_type-of-spare-part-hydraulic-parts","14":"instock","15":"taxable","16":"shipping-taxable","17":"purchasable","18":"product-type-simple"},"_links":{"self":[{"href":"https:\/\/parts.bacpolska.pl\/pl\/wp-json\/wp\/v2\/product\/7706","targetHints":{"allow":["GET"]}}],"collection":[{"href":"https:\/\/parts.bacpolska.pl\/pl\/wp-json\/wp\/v2\/product"}],"about":[{"href":"https:\/\/parts.bacpolska.pl\/pl\/wp-json\/wp\/v2\/types\/product"}],"version-history":[{"count":0,"href":"https:\/\/parts.bacpolska.pl\/pl\/wp-json\/wp\/v2\/product\/7706\/revisions"}],"wp:featuredmedia":[{"embeddable":true,"href":"https:\/\/parts.bacpolska.pl\/pl\/wp-json\/wp\/v2\/media\/7855"}],"wp:attachment":[{"href":"https:\/\/parts.bacpolska.pl\/pl\/wp-json\/wp\/v2\/media?parent=7706"}],"wp:term":[{"taxonomy":"product_brand","embeddable":true,"href":"https:\/\/parts.bacpolska.pl\/pl\/wp-json\/wp\/v2\/product_brand?post=7706"},{"taxonomy":"product_cat","embeddable":true,"href":"https:\/\/parts.bacpolska.pl\/pl\/wp-json\/wp\/v2\/product_cat?post=7706"},{"taxonomy":"product_tag","embeddable":true,"href":"https:\/\/parts.bacpolska.pl\/pl\/wp-json\/wp\/v2\/product_tag?post=7706"}],"curies":[{"name":"wp","href":"https:\/\/api.w.org\/{rel}","templated":true}]}}