{"id":7729,"date":"2022-11-23T11:50:21","date_gmt":"2022-11-23T11:50:21","guid":{"rendered":"https:\/\/parts02.roan24.eu\/?post_type=product&#038;p=7729"},"modified":"2023-04-28T12:08:22","modified_gmt":"2023-04-28T12:08:22","slug":"cylinder-control-valve-zs0607dc-hd-1010306818","status":"publish","type":"product","link":"https:\/\/parts.bacpolska.pl\/pl\/parts\/hydraulic-parts\/cylinders\/cylinder-control-valve-zs0607dc-hd-1010306818\/","title":{"rendered":"Zaw\u00f3r steruj\u0105cy si\u0142ownika (ZS0607DC\/HD) - 1010306818"},"content":{"rendered":"<p>Cylinder control valve<br \/>\nModel: ST5143-AE0A<\/p>\n<p>Valve is installed on lift cylinder<\/p>\n<p>Used: Zoomlion ZS0607DC\/HD series<\/p>","protected":false},"excerpt":{"rendered":"<p>Part No: 1010306818<br \/>\nUsed: Zoomlion ZS0607DC\/HD series<\/p>","protected":false},"featured_media":7805,"template":"","meta":{"_seopress_robots_primary_cat":"","_seopress_titles_title":"Cylinder Control Valve  (ZS0607DC\/HD) - 1010306818 | BAC Poland AWP Parts","_seopress_titles_desc":"Cylinder Control Valve  (ZS0607DC\/HD) - 1010306818 - Quality spare part for aerial work platforms. Genuine and aftermarket AWP component for Zoomlion equipment.","_seopress_robots_index":""},"product_brand":[],"product_cat":[387,118,238],"product_tag":[],"class_list":{"0":"post-7729","1":"product","2":"type-product","3":"status-publish","4":"has-post-thumbnail","6":"product_cat-cylinders","7":"product_cat-hydraulic-parts","8":"product_cat-manifold-hydraulic","9":"pa_brand-parts-sant","10":"pa_lift-manufacturers-zoomlion","11":"pa_type-of-lift-electric-scissors-lifts","14":"instock","15":"taxable","16":"shipping-taxable","17":"purchasable","18":"product-type-simple"},"_links":{"self":[{"href":"https:\/\/parts.bacpolska.pl\/pl\/wp-json\/wp\/v2\/product\/7729","targetHints":{"allow":["GET"]}}],"collection":[{"href":"https:\/\/parts.bacpolska.pl\/pl\/wp-json\/wp\/v2\/product"}],"about":[{"href":"https:\/\/parts.bacpolska.pl\/pl\/wp-json\/wp\/v2\/types\/product"}],"version-history":[{"count":0,"href":"https:\/\/parts.bacpolska.pl\/pl\/wp-json\/wp\/v2\/product\/7729\/revisions"}],"wp:featuredmedia":[{"embeddable":true,"href":"https:\/\/parts.bacpolska.pl\/pl\/wp-json\/wp\/v2\/media\/7805"}],"wp:attachment":[{"href":"https:\/\/parts.bacpolska.pl\/pl\/wp-json\/wp\/v2\/media?parent=7729"}],"wp:term":[{"taxonomy":"product_brand","embeddable":true,"href":"https:\/\/parts.bacpolska.pl\/pl\/wp-json\/wp\/v2\/product_brand?post=7729"},{"taxonomy":"product_cat","embeddable":true,"href":"https:\/\/parts.bacpolska.pl\/pl\/wp-json\/wp\/v2\/product_cat?post=7729"},{"taxonomy":"product_tag","embeddable":true,"href":"https:\/\/parts.bacpolska.pl\/pl\/wp-json\/wp\/v2\/product_tag?post=7729"}],"curies":[{"name":"wp","href":"https:\/\/api.w.org\/{rel}","templated":true}]}}