{"id":7740,"date":"2022-11-23T13:17:42","date_gmt":"2022-11-23T13:17:42","guid":{"rendered":"https:\/\/parts02.roan24.eu\/?post_type=product&#038;p=7740"},"modified":"2023-03-29T12:28:32","modified_gmt":"2023-03-29T12:28:32","slug":"jib-balance-valve-boom-lifts-1010306020","status":"publish","type":"product","link":"https:\/\/parts.bacpolska.pl\/pl\/parts\/hydraulic-parts\/manifold-hydraulic\/jib-balance-valve-boom-lifts-1010306020\/","title":{"rendered":"Podno\u015bniki wysi\u0119gnikowe z zaworem r\u00f3wnowa\u017c\u0105cym - 1010306020"},"content":{"rendered":"<p>Jib balance valve.<\/p>\n<p>It is mounted on the jib.<\/p>\n<p>Rexroth<\/p>\n<p>Used: Zoomlion ZA10RJE\/ZA14JE\/ZA16\/ZA20JE\/ZA14J\/ZA18J\/ZT20J<\/p>","protected":false},"excerpt":{"rendered":"<p>Part No:1010306020<\/p>\n<table style=\"height: 8px\" width=\"87\">\n<tbody>\n<tr>\n<td width=\"110\"><\/td>\n<\/tr>\n<\/tbody>\n<\/table>\n<p>Used: Zoomlion ZA14J model<\/p>","protected":false},"featured_media":7839,"template":"","meta":{"_seopress_robots_primary_cat":"","_seopress_titles_title":"Jib Balance Valve Boom Lifts - 1010306020 | BAC Poland AWP Parts","_seopress_titles_desc":"Jib Balance Valve Boom Lifts - 1010306020 - Quality spare part for aerial work platforms. Genuine and aftermarket AWP component for Zoomlion equipment.","_seopress_robots_index":""},"product_brand":[],"product_cat":[118,238,119],"product_tag":[],"class_list":{"0":"post-7740","1":"product","2":"type-product","3":"status-publish","4":"has-post-thumbnail","6":"product_cat-hydraulic-parts","7":"product_cat-manifold-hydraulic","8":"product_cat-valve","9":"pa_brand-parts-rexroth","10":"pa_lift-manufacturers-zoomlion","11":"pa_type-of-lift-diesel-telescopic-boom-lifts","12":"pa_type-of-lift-electric-telescopic-boom-lifts","13":"pa_type-of-spare-part-hydraulic-parts","16":"instock","17":"taxable","18":"shipping-taxable","19":"purchasable","20":"product-type-simple"},"_links":{"self":[{"href":"https:\/\/parts.bacpolska.pl\/pl\/wp-json\/wp\/v2\/product\/7740","targetHints":{"allow":["GET"]}}],"collection":[{"href":"https:\/\/parts.bacpolska.pl\/pl\/wp-json\/wp\/v2\/product"}],"about":[{"href":"https:\/\/parts.bacpolska.pl\/pl\/wp-json\/wp\/v2\/types\/product"}],"version-history":[{"count":0,"href":"https:\/\/parts.bacpolska.pl\/pl\/wp-json\/wp\/v2\/product\/7740\/revisions"}],"wp:featuredmedia":[{"embeddable":true,"href":"https:\/\/parts.bacpolska.pl\/pl\/wp-json\/wp\/v2\/media\/7839"}],"wp:attachment":[{"href":"https:\/\/parts.bacpolska.pl\/pl\/wp-json\/wp\/v2\/media?parent=7740"}],"wp:term":[{"taxonomy":"product_brand","embeddable":true,"href":"https:\/\/parts.bacpolska.pl\/pl\/wp-json\/wp\/v2\/product_brand?post=7740"},{"taxonomy":"product_cat","embeddable":true,"href":"https:\/\/parts.bacpolska.pl\/pl\/wp-json\/wp\/v2\/product_cat?post=7740"},{"taxonomy":"product_tag","embeddable":true,"href":"https:\/\/parts.bacpolska.pl\/pl\/wp-json\/wp\/v2\/product_tag?post=7740"}],"curies":[{"name":"wp","href":"https:\/\/api.w.org\/{rel}","templated":true}]}}