{"id":7742,"date":"2022-11-23T13:22:59","date_gmt":"2022-11-23T13:22:59","guid":{"rendered":"https:\/\/parts02.roan24.eu\/?post_type=product&#038;p=7742"},"modified":"2023-03-29T09:50:12","modified_gmt":"2023-03-29T09:50:12","slug":"cylinder-control-valve-zt20j-zt26j-1010306161","status":"publish","type":"product","link":"https:\/\/parts.bacpolska.pl\/pl\/parts\/hydraulic-parts\/cylinders\/cylinder-control-valve-zt20j-zt26j-1010306161\/","title":{"rendered":"Zaw\u00f3r steruj\u0105cy si\u0142ownika ZT20J\/ZT26J - 1010306161"},"content":{"rendered":"<p>Main cylinder control valve\/Lifting balance valve<\/p>\n<p>Model: Rexroth, \\\\\\R988106306<\/p>\n<p>Used: Zoomlion ZT20J &amp; ZT26J<\/p>","protected":false},"excerpt":{"rendered":"<p>Part No: 1010306161<\/p>\n<p>Used: Zoomlion ZT20J &amp; ZT26J<\/p>","protected":false},"featured_media":7832,"template":"","meta":{"_seopress_robots_primary_cat":"","_seopress_titles_title":"Cylinder Control Valve ZT20J\/ZT26J - 1010306161 | BAC Poland AWP Parts","_seopress_titles_desc":"Cylinder Control Valve ZT20J\/ZT26J - 1010306161 - Quality spare part for aerial work platforms. Genuine and aftermarket AWP component for Zoomlion equipment.","_seopress_robots_index":""},"product_brand":[],"product_cat":[387,118,238,119],"product_tag":[],"class_list":{"0":"post-7742","1":"product","2":"type-product","3":"status-publish","4":"has-post-thumbnail","6":"product_cat-cylinders","7":"product_cat-hydraulic-parts","8":"product_cat-manifold-hydraulic","9":"product_cat-valve","10":"pa_brand-parts-rexroth","11":"pa_lift-manufacturers-zoomlion","12":"pa_type-of-lift-diesel-telescopic-boom-lifts","13":"pa_type-of-spare-part-hydraulic-parts","16":"instock","17":"taxable","18":"shipping-taxable","19":"purchasable","20":"product-type-simple"},"_links":{"self":[{"href":"https:\/\/parts.bacpolska.pl\/pl\/wp-json\/wp\/v2\/product\/7742","targetHints":{"allow":["GET"]}}],"collection":[{"href":"https:\/\/parts.bacpolska.pl\/pl\/wp-json\/wp\/v2\/product"}],"about":[{"href":"https:\/\/parts.bacpolska.pl\/pl\/wp-json\/wp\/v2\/types\/product"}],"version-history":[{"count":0,"href":"https:\/\/parts.bacpolska.pl\/pl\/wp-json\/wp\/v2\/product\/7742\/revisions"}],"wp:featuredmedia":[{"embeddable":true,"href":"https:\/\/parts.bacpolska.pl\/pl\/wp-json\/wp\/v2\/media\/7832"}],"wp:attachment":[{"href":"https:\/\/parts.bacpolska.pl\/pl\/wp-json\/wp\/v2\/media?parent=7742"}],"wp:term":[{"taxonomy":"product_brand","embeddable":true,"href":"https:\/\/parts.bacpolska.pl\/pl\/wp-json\/wp\/v2\/product_brand?post=7742"},{"taxonomy":"product_cat","embeddable":true,"href":"https:\/\/parts.bacpolska.pl\/pl\/wp-json\/wp\/v2\/product_cat?post=7742"},{"taxonomy":"product_tag","embeddable":true,"href":"https:\/\/parts.bacpolska.pl\/pl\/wp-json\/wp\/v2\/product_tag?post=7742"}],"curies":[{"name":"wp","href":"https:\/\/api.w.org\/{rel}","templated":true}]}}