{"id":7758,"date":"2022-11-23T15:24:39","date_gmt":"2022-11-23T15:24:39","guid":{"rendered":"https:\/\/parts02.roan24.eu\/?post_type=product&#038;p=7758"},"modified":"2023-08-18T10:20:34","modified_gmt":"2023-08-18T08:20:34","slug":"protective-cover-for-platform-control-box-boom-lifts-773400100260020","status":"publish","type":"product","link":"https:\/\/parts.bacpolska.pl\/pl\/parts\/mechanical-parts\/basket-parts\/protective-cover-for-platform-control-box-boom-lifts-773400100260020\/","title":{"rendered":"Metalowa os\u0142ona ochronna skrzynki kontrolnej platformy (podno\u015bniki wysi\u0119gnikowe) -773400100260020"},"content":{"rendered":"<p>PROTECTIVE COVER FOR PLATFORM<\/p>\n<p>Material: steel ( green colour)<\/p>\n<p>USED: ZT26J\/JE &amp; ZA20J\/JE, ZA14J\/JE<\/p>","protected":false},"excerpt":{"rendered":"<p>Part No: 773400100260020<\/p>\n<p>USED: ZT26J\/JE &amp; ZA20J\/JE, ZA14J\/JE<\/p>","protected":false},"featured_media":7814,"template":"","meta":{"_seopress_robots_primary_cat":"","_seopress_titles_title":"Protective Metal Cover for Platform Control Box  (boom  | BAC Poland AWP Parts","_seopress_titles_desc":"Protective Metal Cover for Platform Control Box  (boom lifts) -773400100260020 - Quality spare part for aerial work platforms. Genuine and aftermarket AWP component for Zoomlion equipment.","_seopress_robots_index":""},"product_brand":[],"product_cat":[391,276,116],"product_tag":[],"class_list":{"0":"post-7758","1":"product","2":"type-product","3":"status-publish","4":"has-post-thumbnail","6":"product_cat-basket-parts","7":"product_cat-cover","8":"product_cat-mechanical-parts","9":"pa_brand-parts-orginal-zoomlion","10":"pa_lift-manufacturers-zoomlion","11":"pa_type-of-lift-diesel-telescopic-boom-lifts","12":"pa_type-of-lift-electric-telescopic-boom-lifts","13":"pa_type-of-spare-part-mechanical-parts","16":"instock","17":"taxable","18":"shipping-taxable","19":"purchasable","20":"product-type-simple"},"_links":{"self":[{"href":"https:\/\/parts.bacpolska.pl\/pl\/wp-json\/wp\/v2\/product\/7758","targetHints":{"allow":["GET"]}}],"collection":[{"href":"https:\/\/parts.bacpolska.pl\/pl\/wp-json\/wp\/v2\/product"}],"about":[{"href":"https:\/\/parts.bacpolska.pl\/pl\/wp-json\/wp\/v2\/types\/product"}],"version-history":[{"count":0,"href":"https:\/\/parts.bacpolska.pl\/pl\/wp-json\/wp\/v2\/product\/7758\/revisions"}],"wp:featuredmedia":[{"embeddable":true,"href":"https:\/\/parts.bacpolska.pl\/pl\/wp-json\/wp\/v2\/media\/7814"}],"wp:attachment":[{"href":"https:\/\/parts.bacpolska.pl\/pl\/wp-json\/wp\/v2\/media?parent=7758"}],"wp:term":[{"taxonomy":"product_brand","embeddable":true,"href":"https:\/\/parts.bacpolska.pl\/pl\/wp-json\/wp\/v2\/product_brand?post=7758"},{"taxonomy":"product_cat","embeddable":true,"href":"https:\/\/parts.bacpolska.pl\/pl\/wp-json\/wp\/v2\/product_cat?post=7758"},{"taxonomy":"product_tag","embeddable":true,"href":"https:\/\/parts.bacpolska.pl\/pl\/wp-json\/wp\/v2\/product_tag?post=7758"}],"curies":[{"name":"wp","href":"https:\/\/api.w.org\/{rel}","templated":true}]}}