{"id":8264,"date":"2023-02-09T15:26:48","date_gmt":"2023-02-09T15:26:48","guid":{"rendered":"https:\/\/parts02.roan24.eu\/?post_type=product&#038;p=8264"},"modified":"2023-03-29T11:49:16","modified_gmt":"2023-03-29T11:49:16","slug":"fuel-tank-cup-zoomlion-diesels-1009806337","status":"publish","type":"product","link":"https:\/\/parts.bacpolska.pl\/pl\/parts\/mechanical-parts\/fuel-tank-cup-zoomlion-diesels-1009806337\/","title":{"rendered":"Kubek zbiornika paliwa do silnik\u00f3w wysokopr\u0119\u017cnych Zoomlion - 1009806337"},"content":{"rendered":"<p>Fuel tank cup.<\/p>\n<p>Used: ZA14J, ZT20J,ZA20J, ZT26J, ZS1623RT.<\/p>","protected":false},"excerpt":{"rendered":"<p>Fuel tank cup. Used: ZA14J, ZT20J,ZA20J, ZT26J, ZS1623RT.<\/p>","protected":false},"featured_media":8311,"template":"","meta":{"_seopress_robots_primary_cat":"","_seopress_titles_title":"Fuel Tank Cup Zoomlion Diesel 1009806337 | AWP Parts","_seopress_titles_desc":"Fuel tank cup for Zoomlion diesel aerial work platforms 1009806337. Fuel system component for diesel boom lifts and scissor lifts.","_seopress_robots_index":""},"product_brand":[],"product_cat":[116],"product_tag":[],"class_list":{"0":"post-8264","1":"product","2":"type-product","3":"status-publish","4":"has-post-thumbnail","6":"product_cat-mechanical-parts","7":"pa_brand-parts-orginal-zoomlion","8":"pa_lift-manufacturers-zoomlion","9":"pa_type-of-lift-diesel-scissors-lifts","10":"pa_type-of-lift-diesel-telescopic-boom-lifts","11":"pa_type-of-spare-part-mechanical-parts","12":"pa_type-of-spare-part-safety-maintenance","15":"instock","16":"taxable","17":"shipping-taxable","18":"purchasable","19":"product-type-simple"},"_links":{"self":[{"href":"https:\/\/parts.bacpolska.pl\/pl\/wp-json\/wp\/v2\/product\/8264","targetHints":{"allow":["GET"]}}],"collection":[{"href":"https:\/\/parts.bacpolska.pl\/pl\/wp-json\/wp\/v2\/product"}],"about":[{"href":"https:\/\/parts.bacpolska.pl\/pl\/wp-json\/wp\/v2\/types\/product"}],"version-history":[{"count":0,"href":"https:\/\/parts.bacpolska.pl\/pl\/wp-json\/wp\/v2\/product\/8264\/revisions"}],"wp:featuredmedia":[{"embeddable":true,"href":"https:\/\/parts.bacpolska.pl\/pl\/wp-json\/wp\/v2\/media\/8311"}],"wp:attachment":[{"href":"https:\/\/parts.bacpolska.pl\/pl\/wp-json\/wp\/v2\/media?parent=8264"}],"wp:term":[{"taxonomy":"product_brand","embeddable":true,"href":"https:\/\/parts.bacpolska.pl\/pl\/wp-json\/wp\/v2\/product_brand?post=8264"},{"taxonomy":"product_cat","embeddable":true,"href":"https:\/\/parts.bacpolska.pl\/pl\/wp-json\/wp\/v2\/product_cat?post=8264"},{"taxonomy":"product_tag","embeddable":true,"href":"https:\/\/parts.bacpolska.pl\/pl\/wp-json\/wp\/v2\/product_tag?post=8264"}],"curies":[{"name":"wp","href":"https:\/\/api.w.org\/{rel}","templated":true}]}}