{"id":8279,"date":"2023-02-16T21:02:11","date_gmt":"2023-02-16T21:02:11","guid":{"rendered":"https:\/\/parts.bacpolska.pl\/?post_type=product&#038;p=8279"},"modified":"2023-03-29T18:24:59","modified_gmt":"2023-03-29T18:24:59","slug":"limit-switch-xckp-schneider-telemecanique-1020520944","status":"publish","type":"product","link":"https:\/\/parts.bacpolska.pl\/pl\/parts\/electrical-components\/switches\/limit-switch-xckp-schneider-telemecanique-1020520944\/","title":{"rendered":"Wy\u0142\u0105cznik kra\u0144cowy XCKP2102P16 Schneider Telemecanique 1020520944"},"content":{"rendered":"<p><span class=\"description\">Limit switch XCKP &#8211; Schneider Telemecanique &#8211; OsiSense XC , 1NC+ 1NO<br \/>\n<\/span><\/p>\n<p>Components:<\/p>\n<p><span dir=\"ltr\" role=\"presentation\">&#8211; ZCD21 (limit switch body)<\/span><\/p>\n<p>&#8211; <span class=\"ux-textspans ux-textspans--BOLD\">ZCE02 (Limit Switch Head &#8211; <span class=\"description\">Steel roller plunger <\/span>)<\/span><\/p>\n<p>&#8211; ZCDEP16 (Metal cable gland entry, M16 x 1.5)<\/p>\n<p>Dimensions:\u00a0 (H)65 mm x (W)31 mm x (D)30 mm<\/p>\n<p>Cable connections: <span dir=\"ltr\" role=\"presentation\">Screw-clamp terminals, 2 x 1.5 mm\u00b2<\/span><\/p>\n<p>Waterproof: IP66<\/p>\n<table style=\"height: 33px\" width=\"66\">\n<tbody>\n<tr>\n<td><\/td>\n<td><\/td>\n<\/tr>\n<\/tbody>\n<\/table>\n<p><span class=\"description\">\u00a0<\/span><\/p>","protected":false},"excerpt":{"rendered":"<p>Part No:\u00a0 1020520944<\/p>\n<p>Used: General<\/p>","protected":false},"featured_media":7955,"template":"","meta":{"_seopress_robots_primary_cat":"","_seopress_titles_title":"Limit Switch XCKP2102P16 Schneider Telemecanique  10205 | BAC Poland AWP Parts","_seopress_titles_desc":"Limit Switch XCKP2102P16 Schneider Telemecanique  1020520944 - Quality spare part for aerial work platforms. Genuine and aftermarket AWP component for Zoomlion equipment.","_seopress_robots_index":""},"product_brand":[],"product_cat":[108,383],"product_tag":[],"class_list":{"0":"post-8279","1":"product","2":"type-product","3":"status-publish","4":"has-post-thumbnail","6":"product_cat-electrical-components","7":"product_cat-switches","8":"pa_brand-parts-telemecanique","9":"pa_lift-manufacturers-general","10":"pa_type-of-lift-diesel-scissors-lifts","11":"pa_type-of-lift-diesel-telescopic-boom-lifts","12":"pa_type-of-lift-electric-scissors-lifts","13":"pa_type-of-lift-electric-telescopic-boom-lifts","14":"pa_type-of-spare-part-electrical-components","17":"instock","18":"taxable","19":"shipping-taxable","20":"purchasable","21":"product-type-simple"},"_links":{"self":[{"href":"https:\/\/parts.bacpolska.pl\/pl\/wp-json\/wp\/v2\/product\/8279","targetHints":{"allow":["GET"]}}],"collection":[{"href":"https:\/\/parts.bacpolska.pl\/pl\/wp-json\/wp\/v2\/product"}],"about":[{"href":"https:\/\/parts.bacpolska.pl\/pl\/wp-json\/wp\/v2\/types\/product"}],"version-history":[{"count":0,"href":"https:\/\/parts.bacpolska.pl\/pl\/wp-json\/wp\/v2\/product\/8279\/revisions"}],"wp:featuredmedia":[{"embeddable":true,"href":"https:\/\/parts.bacpolska.pl\/pl\/wp-json\/wp\/v2\/media\/7955"}],"wp:attachment":[{"href":"https:\/\/parts.bacpolska.pl\/pl\/wp-json\/wp\/v2\/media?parent=8279"}],"wp:term":[{"taxonomy":"product_brand","embeddable":true,"href":"https:\/\/parts.bacpolska.pl\/pl\/wp-json\/wp\/v2\/product_brand?post=8279"},{"taxonomy":"product_cat","embeddable":true,"href":"https:\/\/parts.bacpolska.pl\/pl\/wp-json\/wp\/v2\/product_cat?post=8279"},{"taxonomy":"product_tag","embeddable":true,"href":"https:\/\/parts.bacpolska.pl\/pl\/wp-json\/wp\/v2\/product_tag?post=8279"}],"curies":[{"name":"wp","href":"https:\/\/api.w.org\/{rel}","templated":true}]}}