{"id":8890,"date":"2023-08-15T22:42:08","date_gmt":"2023-08-15T20:42:08","guid":{"rendered":"https:\/\/parts.bacpolska.pl\/?post_type=product&#038;p=8890"},"modified":"2023-08-18T12:32:29","modified_gmt":"2023-08-18T10:32:29","slug":"steering-cylinder-sealing-package","status":"publish","type":"product","link":"https:\/\/parts.bacpolska.pl\/pl\/parts\/hydraulic-parts\/seals\/steering-cylinder-sealing-package\/","title":{"rendered":"Uszczelnienie si\u0142ownika uk\u0142adu kierowniczego ZA10RJE- 1019902835"},"content":{"rendered":"<p>Uszczelnienie si\u0142ownika uk\u0142adu kierowniczego<\/p>\n<p>Type: HCG1156-63\/35-99<\/p>\n<p>Used: Zoomlion ZA10RJE series<\/p>","protected":false},"excerpt":{"rendered":"<p>Part No. 1019902835<\/p>\n<p>Used: Zoomlion ZA10RJE series<\/p>","protected":false},"featured_media":8891,"template":"","meta":{"_seopress_robots_primary_cat":"","_seopress_titles_title":"Steering Cylinder Sealing Kit ZA10RJE 1019902835","_seopress_titles_desc":"Sealing package for steering cylinder Zoomlion ZA10RJE 1019902835. Hydraulic seal kit for aerial work platform steering system.","_seopress_robots_index":""},"product_brand":[],"product_cat":[118,271],"product_tag":[],"class_list":{"0":"post-8890","1":"product","2":"type-product","3":"status-publish","4":"has-post-thumbnail","6":"product_cat-hydraulic-parts","7":"product_cat-seals","8":"pa_brand-parts-orginal-zoomlion","9":"pa_lift-manufacturers-zoomlion","10":"pa_type-of-lift-electric-telescopic-boom-lifts","11":"pa_type-of-spare-part-hydraulic-parts","14":"instock","15":"taxable","16":"shipping-taxable","17":"purchasable","18":"product-type-simple"},"_links":{"self":[{"href":"https:\/\/parts.bacpolska.pl\/pl\/wp-json\/wp\/v2\/product\/8890","targetHints":{"allow":["GET"]}}],"collection":[{"href":"https:\/\/parts.bacpolska.pl\/pl\/wp-json\/wp\/v2\/product"}],"about":[{"href":"https:\/\/parts.bacpolska.pl\/pl\/wp-json\/wp\/v2\/types\/product"}],"version-history":[{"count":0,"href":"https:\/\/parts.bacpolska.pl\/pl\/wp-json\/wp\/v2\/product\/8890\/revisions"}],"wp:featuredmedia":[{"embeddable":true,"href":"https:\/\/parts.bacpolska.pl\/pl\/wp-json\/wp\/v2\/media\/8891"}],"wp:attachment":[{"href":"https:\/\/parts.bacpolska.pl\/pl\/wp-json\/wp\/v2\/media?parent=8890"}],"wp:term":[{"taxonomy":"product_brand","embeddable":true,"href":"https:\/\/parts.bacpolska.pl\/pl\/wp-json\/wp\/v2\/product_brand?post=8890"},{"taxonomy":"product_cat","embeddable":true,"href":"https:\/\/parts.bacpolska.pl\/pl\/wp-json\/wp\/v2\/product_cat?post=8890"},{"taxonomy":"product_tag","embeddable":true,"href":"https:\/\/parts.bacpolska.pl\/pl\/wp-json\/wp\/v2\/product_tag?post=8890"}],"curies":[{"name":"wp","href":"https:\/\/api.w.org\/{rel}","templated":true}]}}