{"id":8894,"date":"2023-08-15T22:44:22","date_gmt":"2023-08-15T20:44:22","guid":{"rendered":"https:\/\/parts.bacpolska.pl\/?post_type=product&#038;p=8894"},"modified":"2023-08-18T12:33:26","modified_gmt":"2023-08-18T10:33:26","slug":"steering-cylinder-sealing-package-1081009431","status":"publish","type":"product","link":"https:\/\/parts.bacpolska.pl\/pl\/parts\/hydraulic-parts\/seals\/steering-cylinder-sealing-package-1081009431\/","title":{"rendered":"Uszczelnienie si\u0142ownika uk\u0142adu kierowniczego ZA14JE- 1081009431"},"content":{"rendered":"<p>Uszczelnienie si\u0142ownika uk\u0142adu kierowniczego<\/p>\n<p>Type: HCG0677-70\/50-2x120x900<\/p>\n<p>Used: Zoomlion ZA14JE series<\/p>","protected":false},"excerpt":{"rendered":"<p>Part No. 1081009431<\/p>\n<p>Used: Zoomlion ZA14JE<\/p>","protected":false},"featured_media":8895,"template":"","meta":{"_seopress_robots_primary_cat":"","_seopress_titles_title":"Sealing steering cylinder package ZA14JE- 1081009431 | BAC Poland AWP Parts","_seopress_titles_desc":"Sealing steering cylinder package ZA14JE- 1081009431 - Quality spare part for aerial work platforms. Genuine and aftermarket AWP component for Zoomlion equipment.","_seopress_robots_index":""},"product_brand":[],"product_cat":[118,271],"product_tag":[],"class_list":{"0":"post-8894","1":"product","2":"type-product","3":"status-publish","4":"has-post-thumbnail","6":"product_cat-hydraulic-parts","7":"product_cat-seals","10":"instock","11":"taxable","12":"shipping-taxable","13":"purchasable","14":"product-type-simple"},"_links":{"self":[{"href":"https:\/\/parts.bacpolska.pl\/pl\/wp-json\/wp\/v2\/product\/8894","targetHints":{"allow":["GET"]}}],"collection":[{"href":"https:\/\/parts.bacpolska.pl\/pl\/wp-json\/wp\/v2\/product"}],"about":[{"href":"https:\/\/parts.bacpolska.pl\/pl\/wp-json\/wp\/v2\/types\/product"}],"version-history":[{"count":0,"href":"https:\/\/parts.bacpolska.pl\/pl\/wp-json\/wp\/v2\/product\/8894\/revisions"}],"wp:featuredmedia":[{"embeddable":true,"href":"https:\/\/parts.bacpolska.pl\/pl\/wp-json\/wp\/v2\/media\/8895"}],"wp:attachment":[{"href":"https:\/\/parts.bacpolska.pl\/pl\/wp-json\/wp\/v2\/media?parent=8894"}],"wp:term":[{"taxonomy":"product_brand","embeddable":true,"href":"https:\/\/parts.bacpolska.pl\/pl\/wp-json\/wp\/v2\/product_brand?post=8894"},{"taxonomy":"product_cat","embeddable":true,"href":"https:\/\/parts.bacpolska.pl\/pl\/wp-json\/wp\/v2\/product_cat?post=8894"},{"taxonomy":"product_tag","embeddable":true,"href":"https:\/\/parts.bacpolska.pl\/pl\/wp-json\/wp\/v2\/product_tag?post=8894"}],"curies":[{"name":"wp","href":"https:\/\/api.w.org\/{rel}","templated":true}]}}