{"id":8904,"date":"2023-08-15T22:49:25","date_gmt":"2023-08-15T20:49:25","guid":{"rendered":"https:\/\/parts.bacpolska.pl\/?post_type=product&#038;p=8904"},"modified":"2023-08-18T12:36:19","modified_gmt":"2023-08-18T10:36:19","slug":"steering-cylinder-sealing-package-1019902836","status":"publish","type":"product","link":"https:\/\/parts.bacpolska.pl\/pl\/parts\/hydraulic-parts\/seals\/steering-cylinder-sealing-package-1019902836\/","title":{"rendered":"Uszczelnienie si\u0142ownika uk\u0142adu kierowniczego ZA20J- 1019902836"},"content":{"rendered":"<p>Uszczelnienie si\u0142ownika uk\u0142adu kierowniczego<\/p>\n<p>Type: HCG0783-80\/40-99<\/p>\n<p>Used: Zoomlion ZA20J series<\/p>","protected":false},"excerpt":{"rendered":"<p>Part No. 1019902836<\/p>\n<p>Used: ZA20J<\/p>","protected":false},"featured_media":8905,"template":"","meta":{"_seopress_robots_primary_cat":"","_seopress_titles_title":"Sealing steering cylinder package ZA20J- 1019902836 | BAC Poland AWP Parts","_seopress_titles_desc":"Sealing steering cylinder package ZA20J- 1019902836 - Quality spare part for aerial work platforms. Genuine and aftermarket AWP component for Zoomlion equipment.","_seopress_robots_index":""},"product_brand":[],"product_cat":[118,271],"product_tag":[],"class_list":{"0":"post-8904","1":"product","2":"type-product","3":"status-publish","4":"has-post-thumbnail","6":"product_cat-hydraulic-parts","7":"product_cat-seals","8":"pa_brand-parts-orginal-zoomlion","9":"pa_lift-manufacturers-zoomlion","10":"pa_type-of-lift-diesel-telescopic-boom-lifts","11":"pa_type-of-spare-part-hydraulic-parts","14":"instock","15":"taxable","16":"shipping-taxable","17":"purchasable","18":"product-type-simple"},"_links":{"self":[{"href":"https:\/\/parts.bacpolska.pl\/pl\/wp-json\/wp\/v2\/product\/8904","targetHints":{"allow":["GET"]}}],"collection":[{"href":"https:\/\/parts.bacpolska.pl\/pl\/wp-json\/wp\/v2\/product"}],"about":[{"href":"https:\/\/parts.bacpolska.pl\/pl\/wp-json\/wp\/v2\/types\/product"}],"version-history":[{"count":0,"href":"https:\/\/parts.bacpolska.pl\/pl\/wp-json\/wp\/v2\/product\/8904\/revisions"}],"wp:featuredmedia":[{"embeddable":true,"href":"https:\/\/parts.bacpolska.pl\/pl\/wp-json\/wp\/v2\/media\/8905"}],"wp:attachment":[{"href":"https:\/\/parts.bacpolska.pl\/pl\/wp-json\/wp\/v2\/media?parent=8904"}],"wp:term":[{"taxonomy":"product_brand","embeddable":true,"href":"https:\/\/parts.bacpolska.pl\/pl\/wp-json\/wp\/v2\/product_brand?post=8904"},{"taxonomy":"product_cat","embeddable":true,"href":"https:\/\/parts.bacpolska.pl\/pl\/wp-json\/wp\/v2\/product_cat?post=8904"},{"taxonomy":"product_tag","embeddable":true,"href":"https:\/\/parts.bacpolska.pl\/pl\/wp-json\/wp\/v2\/product_tag?post=8904"}],"curies":[{"name":"wp","href":"https:\/\/api.w.org\/{rel}","templated":true}]}}