{"id":9010,"date":"2023-08-17T11:44:38","date_gmt":"2023-08-17T09:44:38","guid":{"rendered":"https:\/\/parts.bacpolska.pl\/?post_type=product&#038;p=9010"},"modified":"2023-08-21T21:23:26","modified_gmt":"2023-08-21T19:23:26","slug":"bearing-zs1623rt-for-all-boom-lift-773400200001020","status":"publish","type":"product","link":"https:\/\/parts.bacpolska.pl\/pl\/parts\/mechanical-parts\/bearings\/bearing-zs1623rt-for-all-boom-lift-773400200001020\/","title":{"rendered":"\u0141o\u017cysko 48x4x25 - ZS1623RT \/ do wszystkich podno\u015bnik\u00f3w wysi\u0119gnikowych - 773400200001020"},"content":{"rendered":"<p>Bearing 773400200001020<\/p>\n<p>Type: <span class=\"ILfuVd\" lang=\"pl\"><span class=\"hgKElc\">\u2300<\/span><\/span>48&#215;4+25\\PTFE<\/p>\n<p>Used: ZS1623RT\/for all boom lift<\/p>\n<p>&nbsp;<\/p>\n<p>&nbsp;<\/p>\n<p>all boom lifts:\u00a0\u00a0\u00a0\u00a0\u00a0\u00a0\u00a0\u00a0\u00a0\u00a0\u00a0\u00a0\u00a0\u00a0\u00a0\u00a0\u00a0\u00a0\u00a0\u00a0\u00a0\u00a0\u00a0\u00a0\u00a0\u00a0\u00a0\u00a0\u00a0\u00a0\u00a0\u00a0\u00a0\u00a0\u00a0\u00a0\u00a0\u00a0\u00a0\u00a0\u00a0\u00a0\u00a0\u00a0\u00a0\u00a0\u00a0\u00a0\u00a0\u00a0\u00a0\u00a0\u00a0\u00a0\u00a0\u00a0\u00a0\u00a0\u00a0\u00a0\u00a0\u00a0\u00a0\u00a0\u00a0\u00a0\u00a0\u00a0\u00a0\u00a0 ZS1623RT:<\/p>\n<p><a href=\"https:\/\/parts.bacpolska.pl\/wp-content\/smush-webp\/2023\/08\/ksadmkda.png.webp\" data-smush-webp-fallback=\"{&quot;href&quot;:&quot;https:\\\/\\\/parts.bacpolska.pl\\\/wp-content\\\/uploads\\\/2023\\\/08\\\/ksadmkda.png&quot;}\"><img fetchpriority=\"high\" decoding=\"async\" class=\"alignnone size-medium wp-image-9096\" src=\"https:\/\/parts.bacpolska.pl\/wp-content\/smush-webp\/2023\/08\/ksadmkda-300x243.png.webp\" alt=\"\" width=\"300\" height=\"243\" data-smush-webp-fallback=\"{&quot;src&quot;:&quot;https:\\\/\\\/parts.bacpolska.pl\\\/wp-content\\\/uploads\\\/2023\\\/08\\\/ksadmkda-300x243.png&quot;}\" \/> \u00a0\u00a0\u00a0\u00a0\u00a0\u00a0\u00a0\u00a0\u00a0 <\/a><a href=\"https:\/\/parts.bacpolska.pl\/wp-content\/smush-webp\/2023\/08\/32131.png.webp\" data-smush-webp-fallback=\"{&quot;href&quot;:&quot;https:\\\/\\\/parts.bacpolska.pl\\\/wp-content\\\/uploads\\\/2023\\\/08\\\/32131.png&quot;}\"><img decoding=\"async\" class=\"alignnone size-medium wp-image-9099 lazyload\" data-src=\"https:\/\/parts.bacpolska.pl\/wp-content\/smush-webp\/2023\/08\/32131-300x207.png.webp\" alt=\"\" width=\"300\" height=\"207\" src=\"data:image\/svg+xml;base64,PHN2ZyB3aWR0aD0iMSIgaGVpZ2h0PSIxIiB4bWxucz0iaHR0cDovL3d3dy53My5vcmcvMjAwMC9zdmciPjwvc3ZnPg==\" style=\"--smush-placeholder-width: 300px; --smush-placeholder-aspect-ratio: 300\/207;\" data-smush-webp-fallback=\"{&quot;data-src&quot;:&quot;https:\\\/\\\/parts.bacpolska.pl\\\/wp-content\\\/uploads\\\/2023\\\/08\\\/32131-300x207.png&quot;}\" \/><\/a><\/p>","protected":false},"excerpt":{"rendered":"<p>Type No. 773400200001020<\/p>\n<p>Used: ZS1623RT\/for all boom lift<\/p>","protected":false},"featured_media":9011,"template":"","meta":{"_seopress_robots_primary_cat":"","_seopress_titles_title":"Bearing 48x4x25- ZS1623RT\/for all boom lift- 7734002000 | BAC Poland AWP Parts","_seopress_titles_desc":"Bearing 48x4x25- ZS1623RT\/for all boom lift- 773400200001020 - Quality spare part for aerial work platforms. Genuine and aftermarket AWP component for Zoomlion equipment.","_seopress_robots_index":""},"product_brand":[],"product_cat":[389,116],"product_tag":[],"class_list":{"0":"post-9010","1":"product","2":"type-product","3":"status-publish","4":"has-post-thumbnail","6":"product_cat-bearings","7":"product_cat-mechanical-parts","8":"pa_brand-parts-orginal-zoomlion","9":"pa_lift-manufacturers-zoomlion","10":"pa_type-of-lift-diesel-scissors-lifts","11":"pa_type-of-lift-diesel-telescopic-boom-lifts","12":"pa_type-of-spare-part-mechanical-parts","15":"instock","16":"taxable","17":"shipping-taxable","18":"purchasable","19":"product-type-simple"},"_links":{"self":[{"href":"https:\/\/parts.bacpolska.pl\/pl\/wp-json\/wp\/v2\/product\/9010","targetHints":{"allow":["GET"]}}],"collection":[{"href":"https:\/\/parts.bacpolska.pl\/pl\/wp-json\/wp\/v2\/product"}],"about":[{"href":"https:\/\/parts.bacpolska.pl\/pl\/wp-json\/wp\/v2\/types\/product"}],"version-history":[{"count":0,"href":"https:\/\/parts.bacpolska.pl\/pl\/wp-json\/wp\/v2\/product\/9010\/revisions"}],"wp:featuredmedia":[{"embeddable":true,"href":"https:\/\/parts.bacpolska.pl\/pl\/wp-json\/wp\/v2\/media\/9011"}],"wp:attachment":[{"href":"https:\/\/parts.bacpolska.pl\/pl\/wp-json\/wp\/v2\/media?parent=9010"}],"wp:term":[{"taxonomy":"product_brand","embeddable":true,"href":"https:\/\/parts.bacpolska.pl\/pl\/wp-json\/wp\/v2\/product_brand?post=9010"},{"taxonomy":"product_cat","embeddable":true,"href":"https:\/\/parts.bacpolska.pl\/pl\/wp-json\/wp\/v2\/product_cat?post=9010"},{"taxonomy":"product_tag","embeddable":true,"href":"https:\/\/parts.bacpolska.pl\/pl\/wp-json\/wp\/v2\/product_tag?post=9010"}],"curies":[{"name":"wp","href":"https:\/\/api.w.org\/{rel}","templated":true}]}}