{"id":9024,"date":"2023-08-17T12:01:26","date_gmt":"2023-08-17T10:01:26","guid":{"rendered":"https:\/\/parts.bacpolska.pl\/?post_type=product&#038;p=9024"},"modified":"2023-08-21T21:24:01","modified_gmt":"2023-08-21T19:24:01","slug":"bearing-for-all-boom-lift-773400200001010","status":"publish","type":"product","link":"https:\/\/parts.bacpolska.pl\/pl\/parts\/mechanical-parts\/bearings\/bearing-for-all-boom-lift-773400200001010\/","title":{"rendered":"\u0141o\u017cysko 43x4x24 do wszystkich podno\u015bnik\u00f3w wysi\u0119gnikowych - 773400200001010"},"content":{"rendered":"<p>Bearing 773400200001010<\/p>\n<p>Type: <span class=\"ILfuVd\" lang=\"pl\"><span class=\"hgKElc\">\u2300<\/span><\/span>43x4x24\\PTFE<\/p>\n<p>Used: all boom lift<\/p>\n<p><a href=\"https:\/\/parts.bacpolska.pl\/wp-content\/smush-webp\/2023\/08\/00773400200001010-Bearing-for-all-boom-lift.png.webp\" data-smush-webp-fallback=\"{&quot;href&quot;:&quot;https:\\\/\\\/parts.bacpolska.pl\\\/wp-content\\\/uploads\\\/2023\\\/08\\\/00773400200001010-Bearing-for-all-boom-lift.png&quot;}\"><img fetchpriority=\"high\" decoding=\"async\" class=\"alignnone size-medium wp-image-9080\" src=\"https:\/\/parts.bacpolska.pl\/wp-content\/smush-webp\/2023\/08\/00773400200001010-Bearing-for-all-boom-lift-300x240.png.webp\" alt=\"\" width=\"300\" height=\"240\" data-smush-webp-fallback=\"{&quot;src&quot;:&quot;https:\\\/\\\/parts.bacpolska.pl\\\/wp-content\\\/uploads\\\/2023\\\/08\\\/00773400200001010-Bearing-for-all-boom-lift-300x240.png&quot;}\" \/><\/a><\/p>","protected":false},"excerpt":{"rendered":"<p>Part No. 773400200001010<\/p>\n<p>Used: all boom lift<\/p>","protected":false},"featured_media":9025,"template":"","meta":{"_seopress_robots_primary_cat":"","_seopress_titles_title":"Bearing 43x4x24- for all boom lift- 773400200001010 | BAC Poland AWP Parts","_seopress_titles_desc":"Bearing 43x4x24- for all boom lift- 773400200001010 - Quality spare part for aerial work platforms. Genuine and aftermarket AWP component for Zoomlion equipment.","_seopress_robots_index":""},"product_brand":[],"product_cat":[389,116],"product_tag":[],"class_list":{"0":"post-9024","1":"product","2":"type-product","3":"status-publish","4":"has-post-thumbnail","6":"product_cat-bearings","7":"product_cat-mechanical-parts","8":"pa_brand-parts-orginal-zoomlion","9":"pa_lift-manufacturers-zoomlion","10":"pa_type-of-lift-diesel-telescopic-boom-lifts","11":"pa_type-of-lift-electric-telescopic-boom-lifts","12":"pa_type-of-spare-part-mechanical-parts","15":"instock","16":"taxable","17":"shipping-taxable","18":"purchasable","19":"product-type-simple"},"_links":{"self":[{"href":"https:\/\/parts.bacpolska.pl\/pl\/wp-json\/wp\/v2\/product\/9024","targetHints":{"allow":["GET"]}}],"collection":[{"href":"https:\/\/parts.bacpolska.pl\/pl\/wp-json\/wp\/v2\/product"}],"about":[{"href":"https:\/\/parts.bacpolska.pl\/pl\/wp-json\/wp\/v2\/types\/product"}],"version-history":[{"count":0,"href":"https:\/\/parts.bacpolska.pl\/pl\/wp-json\/wp\/v2\/product\/9024\/revisions"}],"wp:featuredmedia":[{"embeddable":true,"href":"https:\/\/parts.bacpolska.pl\/pl\/wp-json\/wp\/v2\/media\/9025"}],"wp:attachment":[{"href":"https:\/\/parts.bacpolska.pl\/pl\/wp-json\/wp\/v2\/media?parent=9024"}],"wp:term":[{"taxonomy":"product_brand","embeddable":true,"href":"https:\/\/parts.bacpolska.pl\/pl\/wp-json\/wp\/v2\/product_brand?post=9024"},{"taxonomy":"product_cat","embeddable":true,"href":"https:\/\/parts.bacpolska.pl\/pl\/wp-json\/wp\/v2\/product_cat?post=9024"},{"taxonomy":"product_tag","embeddable":true,"href":"https:\/\/parts.bacpolska.pl\/pl\/wp-json\/wp\/v2\/product_tag?post=9024"}],"curies":[{"name":"wp","href":"https:\/\/api.w.org\/{rel}","templated":true}]}}