{"id":9028,"date":"2023-08-17T12:07:24","date_gmt":"2023-08-17T10:07:24","guid":{"rendered":"https:\/\/parts.bacpolska.pl\/?post_type=product&#038;p=9028"},"modified":"2023-08-21T21:24:16","modified_gmt":"2023-08-21T19:24:16","slug":"bearing-za14je-za10rje-773402800001260","status":"publish","type":"product","link":"https:\/\/parts.bacpolska.pl\/pl\/parts\/mechanical-parts\/bearings\/bearing-za14je-za10rje-773402800001260\/","title":{"rendered":"\u0141o\u017cysko 25\u00d72,5\u00d718- ZA14JE &amp; ZA10RJE- 773402800001260"},"content":{"rendered":"<p>Bearing 773402800001260<\/p>\n<p>Type: <span class=\"ILfuVd\" lang=\"pl\"><span class=\"hgKElc\">\u2300<\/span><\/span>25&#215;2,5&#215;18\\PTFE<\/p>\n<p>Used: ZA14JE, ZA10RJE<\/p>\n<p>&nbsp;<\/p>\n<p>ZA10RJE:\u00a0\u00a0\u00a0\u00a0\u00a0\u00a0\u00a0\u00a0\u00a0\u00a0\u00a0\u00a0\u00a0\u00a0\u00a0\u00a0\u00a0\u00a0\u00a0\u00a0\u00a0\u00a0\u00a0\u00a0\u00a0\u00a0\u00a0\u00a0\u00a0\u00a0\u00a0\u00a0\u00a0\u00a0\u00a0\u00a0\u00a0\u00a0\u00a0\u00a0\u00a0\u00a0\u00a0\u00a0\u00a0\u00a0\u00a0\u00a0\u00a0\u00a0\u00a0\u00a0\u00a0\u00a0\u00a0\u00a0\u00a0\u00a0\u00a0\u00a0\u00a0\u00a0\u00a0\u00a0\u00a0\u00a0\u00a0\u00a0 ZA14JE:<\/p>\n<p><a href=\"https:\/\/parts.bacpolska.pl\/wp-content\/smush-webp\/2023\/08\/00773402800001260-Bearing-ZA10RJE-.png.webp\" data-smush-webp-fallback=\"{&quot;href&quot;:&quot;https:\\\/\\\/parts.bacpolska.pl\\\/wp-content\\\/uploads\\\/2023\\\/08\\\/00773402800001260-Bearing-ZA10RJE-.png&quot;}\"><img fetchpriority=\"high\" decoding=\"async\" class=\"alignnone size-medium wp-image-9082\" src=\"https:\/\/parts.bacpolska.pl\/wp-content\/smush-webp\/2023\/08\/00773402800001260-Bearing-ZA10RJE--300x240.png.webp\" alt=\"\" width=\"300\" height=\"240\" data-smush-webp-fallback=\"{&quot;src&quot;:&quot;https:\\\/\\\/parts.bacpolska.pl\\\/wp-content\\\/uploads\\\/2023\\\/08\\\/00773402800001260-Bearing-ZA10RJE--300x240.png&quot;}\" \/><\/a> <a href=\"https:\/\/parts.bacpolska.pl\/wp-content\/smush-webp\/2023\/08\/00773402800001260-Bearing-ZA14JE-.png.webp\" data-smush-webp-fallback=\"{&quot;href&quot;:&quot;https:\\\/\\\/parts.bacpolska.pl\\\/wp-content\\\/uploads\\\/2023\\\/08\\\/00773402800001260-Bearing-ZA14JE-.png&quot;}\"><img decoding=\"async\" class=\"alignnone size-medium wp-image-9083 lazyload\" data-src=\"https:\/\/parts.bacpolska.pl\/wp-content\/smush-webp\/2023\/08\/00773402800001260-Bearing-ZA14JE--300x240.png.webp\" alt=\"\" width=\"300\" height=\"240\" src=\"data:image\/svg+xml;base64,PHN2ZyB3aWR0aD0iMSIgaGVpZ2h0PSIxIiB4bWxucz0iaHR0cDovL3d3dy53My5vcmcvMjAwMC9zdmciPjwvc3ZnPg==\" style=\"--smush-placeholder-width: 300px; --smush-placeholder-aspect-ratio: 300\/240;\" data-smush-webp-fallback=\"{&quot;data-src&quot;:&quot;https:\\\/\\\/parts.bacpolska.pl\\\/wp-content\\\/uploads\\\/2023\\\/08\\\/00773402800001260-Bearing-ZA14JE--300x240.png&quot;}\" \/><\/a><\/p>","protected":false},"excerpt":{"rendered":"<p>Part No. 773402800001260<\/p>\n<p>Used: ZA14JE, ZA10RJE<\/p>","protected":false},"featured_media":9029,"template":"","meta":{"_seopress_robots_primary_cat":"","_seopress_titles_title":"Bearing 25x2,5x18- ZA14JE & ZA10RJE- 773402800001260 | BAC Poland AWP Parts","_seopress_titles_desc":"Bearing 25x2,5x18- ZA14JE & ZA10RJE- 773402800001260 - Quality spare part for aerial work platforms. Genuine and aftermarket AWP component for Zoomlion equipment.","_seopress_robots_index":""},"product_brand":[],"product_cat":[389,116],"product_tag":[],"class_list":{"0":"post-9028","1":"product","2":"type-product","3":"status-publish","4":"has-post-thumbnail","6":"product_cat-bearings","7":"product_cat-mechanical-parts","8":"pa_brand-parts-orginal-zoomlion","9":"pa_lift-manufacturers-zoomlion","10":"pa_type-of-lift-electric-telescopic-boom-lifts","11":"pa_type-of-spare-part-mechanical-parts","14":"instock","15":"taxable","16":"shipping-taxable","17":"purchasable","18":"product-type-simple"},"_links":{"self":[{"href":"https:\/\/parts.bacpolska.pl\/pl\/wp-json\/wp\/v2\/product\/9028","targetHints":{"allow":["GET"]}}],"collection":[{"href":"https:\/\/parts.bacpolska.pl\/pl\/wp-json\/wp\/v2\/product"}],"about":[{"href":"https:\/\/parts.bacpolska.pl\/pl\/wp-json\/wp\/v2\/types\/product"}],"version-history":[{"count":0,"href":"https:\/\/parts.bacpolska.pl\/pl\/wp-json\/wp\/v2\/product\/9028\/revisions"}],"wp:featuredmedia":[{"embeddable":true,"href":"https:\/\/parts.bacpolska.pl\/pl\/wp-json\/wp\/v2\/media\/9029"}],"wp:attachment":[{"href":"https:\/\/parts.bacpolska.pl\/pl\/wp-json\/wp\/v2\/media?parent=9028"}],"wp:term":[{"taxonomy":"product_brand","embeddable":true,"href":"https:\/\/parts.bacpolska.pl\/pl\/wp-json\/wp\/v2\/product_brand?post=9028"},{"taxonomy":"product_cat","embeddable":true,"href":"https:\/\/parts.bacpolska.pl\/pl\/wp-json\/wp\/v2\/product_cat?post=9028"},{"taxonomy":"product_tag","embeddable":true,"href":"https:\/\/parts.bacpolska.pl\/pl\/wp-json\/wp\/v2\/product_tag?post=9028"}],"curies":[{"name":"wp","href":"https:\/\/api.w.org\/{rel}","templated":true}]}}