{"id":9377,"date":"2023-08-25T06:27:05","date_gmt":"2023-08-25T04:27:05","guid":{"rendered":"https:\/\/parts.bacpolska.pl\/?post_type=product&#038;p=9377"},"modified":"2023-08-25T06:27:56","modified_gmt":"2023-08-25T04:27:56","slug":"valve-main-boom-balance-za10rje-1010308860","status":"publish","type":"product","link":"https:\/\/parts.bacpolska.pl\/pl\/parts\/hydraulic-parts\/valve\/valve-main-boom-balance-za10rje-1010308860\/","title":{"rendered":"Zaw\u00f3r g\u0142\u00f3wnego wywa\u017cenia belki ZA10RJE- 1010308860"},"content":{"rendered":"<p>Main Boom Balance Valve<\/p>\n<p>Used: ZA10RJE<\/p>\n<p>Type: STA0612R4G38B28<\/p>","protected":false},"excerpt":{"rendered":"<p>Part No. 1010308860<\/p>\n<p>Used: ZA10RJE<\/p>","protected":false},"featured_media":9378,"template":"","meta":{"_seopress_robots_primary_cat":"","_seopress_titles_title":"Valve Main Boom Balance  ZA10RJE- 1010308860 | BAC Poland AWP Parts","_seopress_titles_desc":"Valve Main Boom Balance  ZA10RJE- 1010308860 - Quality spare part for aerial work platforms. Genuine and aftermarket AWP component for Zoomlion equipment.","_seopress_robots_index":""},"product_brand":[],"product_cat":[118,119],"product_tag":[],"class_list":{"0":"post-9377","1":"product","2":"type-product","3":"status-publish","4":"has-post-thumbnail","6":"product_cat-hydraulic-parts","7":"product_cat-valve","8":"pa_brand-parts-sant","9":"pa_lift-manufacturers-zoomlion","10":"pa_type-of-lift-electric-telescopic-boom-lifts","11":"pa_type-of-spare-part-hydraulic-parts","14":"instock","15":"taxable","16":"shipping-taxable","17":"purchasable","18":"product-type-simple"},"_links":{"self":[{"href":"https:\/\/parts.bacpolska.pl\/pl\/wp-json\/wp\/v2\/product\/9377","targetHints":{"allow":["GET"]}}],"collection":[{"href":"https:\/\/parts.bacpolska.pl\/pl\/wp-json\/wp\/v2\/product"}],"about":[{"href":"https:\/\/parts.bacpolska.pl\/pl\/wp-json\/wp\/v2\/types\/product"}],"version-history":[{"count":0,"href":"https:\/\/parts.bacpolska.pl\/pl\/wp-json\/wp\/v2\/product\/9377\/revisions"}],"wp:featuredmedia":[{"embeddable":true,"href":"https:\/\/parts.bacpolska.pl\/pl\/wp-json\/wp\/v2\/media\/9378"}],"wp:attachment":[{"href":"https:\/\/parts.bacpolska.pl\/pl\/wp-json\/wp\/v2\/media?parent=9377"}],"wp:term":[{"taxonomy":"product_brand","embeddable":true,"href":"https:\/\/parts.bacpolska.pl\/pl\/wp-json\/wp\/v2\/product_brand?post=9377"},{"taxonomy":"product_cat","embeddable":true,"href":"https:\/\/parts.bacpolska.pl\/pl\/wp-json\/wp\/v2\/product_cat?post=9377"},{"taxonomy":"product_tag","embeddable":true,"href":"https:\/\/parts.bacpolska.pl\/pl\/wp-json\/wp\/v2\/product_tag?post=9377"}],"curies":[{"name":"wp","href":"https:\/\/api.w.org\/{rel}","templated":true}]}}