{"id":9426,"date":"2023-08-29T09:15:38","date_gmt":"2023-08-29T07:15:38","guid":{"rendered":"https:\/\/parts.bacpolska.pl\/?post_type=product&#038;p=9426"},"modified":"2023-08-29T10:59:17","modified_gmt":"2023-08-29T08:59:17","slug":"gas-spring-hood-assembly-zt26j-1110100324","status":"publish","type":"product","link":"https:\/\/parts.bacpolska.pl\/pl\/parts\/mechanical-parts\/cover\/gas-spring-hood-assembly-zt26j-1110100324\/","title":{"rendered":"Spr\u0119\u017cyna gazowa (zesp\u00f3\u0142 kaptura) ZT26J - 1110100324"},"content":{"rendered":"<p>Gas Spring Hood Assembly<\/p>\n<p>Used: Zoomlion ZT26J Series<\/p>\n<p><a href=\"https:\/\/parts.bacpolska.pl\/wp-content\/smush-webp\/2023\/08\/123.png.webp\" data-smush-webp-fallback=\"{&quot;href&quot;:&quot;https:\\\/\\\/parts.bacpolska.pl\\\/wp-content\\\/uploads\\\/2023\\\/08\\\/123.png&quot;}\"><img fetchpriority=\"high\" decoding=\"async\" class=\"alignnone size-medium wp-image-9428\" src=\"https:\/\/parts.bacpolska.pl\/wp-content\/smush-webp\/2023\/08\/123-291x300.png.webp\" alt=\"\" width=\"291\" height=\"300\" data-smush-webp-fallback=\"{&quot;src&quot;:&quot;https:\\\/\\\/parts.bacpolska.pl\\\/wp-content\\\/uploads\\\/2023\\\/08\\\/123-291x300.png&quot;}\" \/><\/a><\/p>\n<p>&nbsp;<\/p>","protected":false},"excerpt":{"rendered":"<p>Part No. 1110100324<\/p>\n<p>Used: Zoomlion ZT26J<\/p>","protected":false},"featured_media":9424,"template":"","meta":{"_seopress_robots_primary_cat":"","_seopress_titles_title":"Gas Spring (Hood Assembly) ZT26J - 1110100324 | BAC Poland AWP Parts","_seopress_titles_desc":"Gas Spring (Hood Assembly) ZT26J - 1110100324 - Quality spare part for aerial work platforms. Genuine and aftermarket AWP component for Zoomlion equipment.","_seopress_robots_index":""},"product_brand":[],"product_cat":[276,116],"product_tag":[],"class_list":{"0":"post-9426","1":"product","2":"type-product","3":"status-publish","4":"has-post-thumbnail","6":"product_cat-cover","7":"product_cat-mechanical-parts","8":"pa_brand-parts-orginal-zoomlion","9":"pa_lift-manufacturers-zoomlion","10":"pa_type-of-lift-diesel-scissors-lifts","11":"pa_type-of-spare-part-mechanical-parts","14":"instock","15":"taxable","16":"shipping-taxable","17":"purchasable","18":"product-type-simple"},"_links":{"self":[{"href":"https:\/\/parts.bacpolska.pl\/pl\/wp-json\/wp\/v2\/product\/9426","targetHints":{"allow":["GET"]}}],"collection":[{"href":"https:\/\/parts.bacpolska.pl\/pl\/wp-json\/wp\/v2\/product"}],"about":[{"href":"https:\/\/parts.bacpolska.pl\/pl\/wp-json\/wp\/v2\/types\/product"}],"version-history":[{"count":0,"href":"https:\/\/parts.bacpolska.pl\/pl\/wp-json\/wp\/v2\/product\/9426\/revisions"}],"wp:featuredmedia":[{"embeddable":true,"href":"https:\/\/parts.bacpolska.pl\/pl\/wp-json\/wp\/v2\/media\/9424"}],"wp:attachment":[{"href":"https:\/\/parts.bacpolska.pl\/pl\/wp-json\/wp\/v2\/media?parent=9426"}],"wp:term":[{"taxonomy":"product_brand","embeddable":true,"href":"https:\/\/parts.bacpolska.pl\/pl\/wp-json\/wp\/v2\/product_brand?post=9426"},{"taxonomy":"product_cat","embeddable":true,"href":"https:\/\/parts.bacpolska.pl\/pl\/wp-json\/wp\/v2\/product_cat?post=9426"},{"taxonomy":"product_tag","embeddable":true,"href":"https:\/\/parts.bacpolska.pl\/pl\/wp-json\/wp\/v2\/product_tag?post=9426"}],"curies":[{"name":"wp","href":"https:\/\/api.w.org\/{rel}","templated":true}]}}